{"id":3682,"date":"2023-07-25T20:44:42","date_gmt":"2023-07-25T18:44:42","guid":{"rendered":"https:\/\/www.cbpae.org\/contacte\/"},"modified":"2024-02-19T20:17:31","modified_gmt":"2024-02-19T18:17:31","slug":"contact","status":"publish","type":"page","link":"https:\/\/www.cbpae.org\/en\/contact\/","title":{"rendered":"Contact"},"content":{"rendered":"<section class=\"l-section wpb_row height_medium\"><div class=\"l-section-h i-cf\"><div class=\"g-cols vc_row via_flex valign_top type_default stacking_default\"><div class=\"vc_col-sm-6 wpb_column vc_column_container\"><div class=\"vc_column-inner\"><div class=\"wpb_wrapper\"><div class=\"wpb_text_column\"><div class=\"wpb_wrapper\"><p><strong>We are at your disposal from Monday to Friday from 8am to 3pm:<\/strong><\/p>\n<p>Carrer d&#8217;en Sala, 11; 1er pis<br \/>\n07260 Porreres<br \/>\nTel\u00e8fon: <a href=\"tel:871038530\">871 038 530<\/a><br \/>\ne-mail: <a href=\"mailto:info@cbpae.org\">info@cbpae.org<\/a><\/p>\n<\/div><\/div><\/div><\/div><\/div><div class=\"vc_col-sm-6 wpb_column vc_column_container\"><div class=\"vc_column-inner\"><div class=\"wpb_wrapper\"><div class=\"w-map provider_osm us_custom_cd239bd0\" id=\"us_map_1\"><div class=\"w-map-inner\"><div class=\"w-map-json\" onclick='return {&quot;address&quot;:&quot;39.5167789,3.0253512&quot;,&quot;disableDragging&quot;:0,&quot;disableZoom&quot;:0,&quot;hideControls&quot;:0,&quot;zoom&quot;:15,&quot;markers&quot;:[{&quot;address&quot;:&quot;39.5167789,3.0253512&quot;,&quot;html&quot;:&quot;CBPAE&quot;,&quot;infowindow&quot;:0}],&quot;style&quot;:&quot;https:\\\/\\\/{s}.tile.openstreetmap.org\\\/{z}\\\/{x}\\\/{y}.png&quot;}'><\/div><\/div><\/div><\/div><\/div><\/div><\/div><\/div><\/section><section class=\"l-section wpb_row height_huge with_img parallax_ver\"><div class=\"l-section-img\" role=\"img\" aria-label=\"Image\" data-img-width=\"1920\" data-img-height=\"996\" style=\"background-image: url(https:\/\/www.cbpae.org\/wp-content\/uploads\/estam-aqui.jpg);background-repeat: no-repeat;\"><\/div><div class=\"l-section-overlay\" style=\"background:var(--color-header-top-transparent-bg)\"><\/div><div class=\"l-section-h i-cf\"><div class=\"g-cols vc_row via_flex valign_top type_default stacking_default\"><div class=\"vc_col-sm-12 wpb_column vc_column_container\"><div class=\"vc_column-inner\"><div class=\"wpb_wrapper\"><h2 class=\"w-text us_custom_28204481 has_text_color\"><span class=\"w-text-h\"><span class=\"w-text-value\">Consell Balear de la Producci\u00f3 Agr\u00e0ria Ecol\u00f2gica<\/span><\/span><\/h2><\/div><\/div><\/div><\/div><\/div><\/section>\n","protected":false},"excerpt":{"rendered":"We are at your disposal from Monday to Friday from 8am to 3pm: Carrer d&#8217;en Sala, 11; 1er pis 07260 Porreres Tel\u00e8fon: 871 038 530 e-mail: info@cbpae.org Consell Balear de la Producci\u00f3 Agr\u00e0ria Ecol\u00f2gica","protected":false},"author":1,"featured_media":1199,"parent":0,"menu_order":0,"comment_status":"closed","ping_status":"closed","template":"","meta":{"_acf_changed":false,"footnotes":""},"class_list":["post-3682","page","type-page","status-publish","has-post-thumbnail","hentry"],"acf":[],"_links":{"self":[{"href":"https:\/\/www.cbpae.org\/en\/wp-json\/wp\/v2\/pages\/3682","targetHints":{"allow":["GET"]}}],"collection":[{"href":"https:\/\/www.cbpae.org\/en\/wp-json\/wp\/v2\/pages"}],"about":[{"href":"https:\/\/www.cbpae.org\/en\/wp-json\/wp\/v2\/types\/page"}],"author":[{"embeddable":true,"href":"https:\/\/www.cbpae.org\/en\/wp-json\/wp\/v2\/users\/1"}],"replies":[{"embeddable":true,"href":"https:\/\/www.cbpae.org\/en\/wp-json\/wp\/v2\/comments?post=3682"}],"version-history":[{"count":2,"href":"https:\/\/www.cbpae.org\/en\/wp-json\/wp\/v2\/pages\/3682\/revisions"}],"predecessor-version":[{"id":3686,"href":"https:\/\/www.cbpae.org\/en\/wp-json\/wp\/v2\/pages\/3682\/revisions\/3686"}],"wp:featuredmedia":[{"embeddable":true,"href":"https:\/\/www.cbpae.org\/en\/wp-json\/wp\/v2\/media\/1199"}],"wp:attachment":[{"href":"https:\/\/www.cbpae.org\/en\/wp-json\/wp\/v2\/media?parent=3682"}],"curies":[{"name":"wp","href":"https:\/\/api.w.org\/{rel}","templated":true}]}}