{"id":3733,"date":"2023-07-25T18:19:12","date_gmt":"2023-07-25T16:19:12","guid":{"rendered":"https:\/\/www.cbpae.org\/noticies\/"},"modified":"2024-02-22T14:51:08","modified_gmt":"2024-02-22T12:51:08","slug":"news","status":"publish","type":"page","link":"https:\/\/www.cbpae.org\/en\/news\/","title":{"rendered":"News"},"content":{"rendered":"<section class=\"l-section wpb_row height_medium\"><div class=\"l-section-h i-cf\"><div class=\"g-cols vc_row via_flex valign_top type_default stacking_default\"><div class=\"vc_col-sm-12 wpb_column vc_column_container\"><div class=\"vc_column-inner\"><div class=\"wpb_wrapper\"><div class=\"w-grid us_grid type_grid layout_85 cols_2 pagination_ajax overflow_hidden preload_style_spinner\" id=\"us_grid_1\" style=\"--columns:2;--gap:1.5rem;\" data-filterable=\"true\"><style>@media (max-width:600px){#us_grid_1{--columns:1!important}}.layout_85 .w-grid-item-h{background:#333;border-radius:0.3rem;box-shadow:0 0.03rem 0.06rem rgba(0,0,0,0.1),0 0.1rem 0.3rem rgba(0,0,0,0.1);transition-duration:0.3s}.no-touch .layout_85 .w-grid-item-h:hover{box-shadow:0 0.12rem 0.24rem rgba(0,0,0,0.1),0 0.4rem 1.2rem rgba(0,0,0,0.15);z-index:4}.layout_85 .usg_post_image_1{transition-duration:0.3s;transform-origin:50% 50%;transform:scale(1) translate(0%,0%)}.layout_85 .w-grid-item-h:focus-within .usg_post_image_1,.layout_85 .w-grid-item-h:hover .usg_post_image_1{transform:scale(1.1) translate(0%,0%);opacity:1}.layout_85 .usg_vwrapper_1{position:absolute!important;left:0!important;bottom:0!important;right:0!important;background:linear-gradient(transparent,rgba(30,30,30,0.8))!important;padding:15% 7% 7% 7%!important}.layout_85 .usg_post_taxonomy_1{font-size:12px!important;text-transform:uppercase!important;margin-bottom:0.5rem!important}.layout_85 .usg_post_title_1{color:#fff!important;font-size:1.4rem!important;font-weight:700!important}@media (max-width:600px){.layout_85 .usg_post_title_1{font-size:1.2rem!important}}<\/style><div class=\"w-grid-list\">\t<article class=\"w-grid-item size_1x1 post-1825 post type-post status-publish format-standard has-post-thumbnail hentry category-news\" data-id=\"1825\">\r\n\t\t<div class=\"w-grid-item-h\">\r\n\t\t\t\t\t\t\t<a href=\"https:\/\/www.cbpae.org\/en\/2023\/04\/25\/la-mitad-de-la-vina-de-las-balears-ya-es-ecologica-datos-estadisticos-2022\/\" class=\"w-grid-item-anchor\" aria-label=\"La mitad de la vi\u00f1a de las Balears ya es ecol\u00f3gica. Datos estad\u00edsticos 2022\"><\/a>\r\n\t\t\t\t\t\t<div class=\"w-post-elm post_image usg_post_image_1 has_ratio\"><img loading=\"lazy\" decoding=\"async\" width=\"1280\" height=\"720\" src=\"https:\/\/www.cbpae.org\/wp-content\/uploads\/estadistiques-2022.jpg\" class=\"attachment-full size-full wp-post-image\" alt=\"\" \/><div style=\"padding-bottom:66.6667%\"><\/div><\/div><div class=\"w-vwrapper usg_vwrapper_1 align_none valign_top\"><h2 class=\"w-post-elm post_title usg_post_title_1 has_text_color entry-title color_link_inherit\">La mitad de la vi\u00f1a de las Balears ya es ecol\u00f3gica. Datos estad\u00edsticos 2022<\/h2><\/div>\t\t<\/div>\r\n\t\t\t<\/article>\r\n\t<article class=\"w-grid-item size_1x1 post-1848 post type-post status-publish format-standard has-post-thumbnail hentry category-news\" data-id=\"1848\">\r\n\t\t<div class=\"w-grid-item-h\">\r\n\t\t\t\t\t\t\t<a href=\"https:\/\/www.cbpae.org\/en\/2023\/04\/20\/jeroni-vera-the-organic-farming-has-made-a-comeback-again\/\" class=\"w-grid-item-anchor\" aria-label=\"Jeroni Vera: &#8220;The organic farming has made a comeback again&#8221;\"><\/a>\r\n\t\t\t\t\t\t<div class=\"w-post-elm post_image usg_post_image_1 has_ratio\"><img loading=\"lazy\" decoding=\"async\" width=\"2560\" height=\"1707\" src=\"https:\/\/www.cbpae.org\/wp-content\/uploads\/vera-scaled-1.jpg\" class=\"attachment-full size-full wp-post-image\" alt=\"\" \/><div style=\"padding-bottom:66.6667%\"><\/div><\/div><div class=\"w-vwrapper usg_vwrapper_1 align_none valign_top\"><h2 class=\"w-post-elm post_title usg_post_title_1 has_text_color entry-title color_link_inherit\">Jeroni Vera: &#8220;The organic farming has made a comeback again&#8221;<\/h2><\/div>\t\t<\/div>\r\n\t\t\t<\/article>\r\n<\/div>\t<div class=\"w-grid-preloader\">\r\n\t\t<div class=\"g-preloader type_1\">\r\n\t\t\t<div><\/div>\r\n\t\t<\/div>\r\n\t<\/div>\r\n\t\t<div class=\"w-grid-json hidden\" onclick='return {&quot;action&quot;:&quot;us_ajax_grid&quot;,&quot;infinite_scroll&quot;:0,&quot;max_num_pages&quot;:1,&quot;pagination&quot;:&quot;ajax&quot;,&quot;template_vars&quot;:{&quot;columns&quot;:&quot;2&quot;,&quot;exclude_items&quot;:&quot;none&quot;,&quot;img_size&quot;:&quot;default&quot;,&quot;ignore_items_size&quot;:0,&quot;items_layout&quot;:&quot;85&quot;,&quot;items_offset&quot;:&quot;1&quot;,&quot;load_animation&quot;:&quot;none&quot;,&quot;overriding_link&quot;:&quot;%7B%22type%22%3A%22post%22%7D&quot;,&quot;post_id&quot;:0,&quot;query_args&quot;:{&quot;post_type&quot;:[&quot;post&quot;],&quot;post_status&quot;:[&quot;publish&quot;,&quot;acf-disabled&quot;],&quot;posts_per_page&quot;:&quot;8&quot;},&quot;orderby_query_args&quot;:{&quot;orderby&quot;:{&quot;date&quot;:&quot;DESC&quot;}},&quot;type&quot;:&quot;grid&quot;,&quot;us_grid_post_type&quot;:&quot;post&quot;,&quot;us_grid_ajax_index&quot;:1,&quot;us_grid_filter_query_string&quot;:null,&quot;us_grid_index&quot;:1,&quot;page_args&quot;:[],&quot;lang&quot;:&quot;en&quot;}}'><\/div>\r\n\t<\/div><\/div><\/div><\/div><\/div><\/div><\/section>\n","protected":false},"excerpt":{"rendered":"Avui volem compartim l'entrevista que ha realitzat el digital Fora Vila al nostre director t\u00e8cnic Jeroni Vera arrel de la presentaci\u00f3 de les noves dades estad\u00edstiques del sector ecol\u00f2gic de les Illes Balears. Jeroni Vera: \u201cEl sector ramader ecol\u00f2gic ha tornat a remuntar\u201d Podeu llegir-la al complet clicant aqu\u00ed &nbsp;","protected":false},"author":1,"featured_media":0,"parent":0,"menu_order":0,"comment_status":"closed","ping_status":"closed","template":"","meta":{"_acf_changed":false,"footnotes":""},"class_list":["post-3733","page","type-page","status-publish","hentry"],"acf":[],"_links":{"self":[{"href":"https:\/\/www.cbpae.org\/en\/wp-json\/wp\/v2\/pages\/3733","targetHints":{"allow":["GET"]}}],"collection":[{"href":"https:\/\/www.cbpae.org\/en\/wp-json\/wp\/v2\/pages"}],"about":[{"href":"https:\/\/www.cbpae.org\/en\/wp-json\/wp\/v2\/types\/page"}],"author":[{"embeddable":true,"href":"https:\/\/www.cbpae.org\/en\/wp-json\/wp\/v2\/users\/1"}],"replies":[{"embeddable":true,"href":"https:\/\/www.cbpae.org\/en\/wp-json\/wp\/v2\/comments?post=3733"}],"version-history":[{"count":1,"href":"https:\/\/www.cbpae.org\/en\/wp-json\/wp\/v2\/pages\/3733\/revisions"}],"predecessor-version":[{"id":3736,"href":"https:\/\/www.cbpae.org\/en\/wp-json\/wp\/v2\/pages\/3733\/revisions\/3736"}],"wp:attachment":[{"href":"https:\/\/www.cbpae.org\/en\/wp-json\/wp\/v2\/media?parent=3733"}],"curies":[{"name":"wp","href":"https:\/\/api.w.org\/{rel}","templated":true}]}}