{"id":3786,"date":"2023-08-01T19:11:55","date_gmt":"2023-08-01T17:11:55","guid":{"rendered":"https:\/\/www.cbpae.org\/procediment-dinscripcio\/"},"modified":"2024-02-27T13:53:27","modified_gmt":"2024-02-27T11:53:27","slug":"procediment-dinscripcio","status":"publish","type":"page","link":"https:\/\/www.cbpae.org\/en\/procediment-dinscripcio\/","title":{"rendered":"Procediment d&#8217;inscripci\u00f3"},"content":{"rendered":"<section class=\"l-section wpb_row height_medium\"><div class=\"l-section-h i-cf\"><div class=\"g-cols vc_row via_flex valign_top type_default stacking_default\"><div class=\"vc_col-sm-6 wpb_column vc_column_container\"><div class=\"vc_column-inner\"><div class=\"wpb_wrapper\"><div class=\"wpb_text_column\"><div class=\"wpb_wrapper\"><p>Qualsevol finca, ind\u00fastria o comer\u00e7 que es trobin a l&#8217;\u00e0mbit geogr\u00e0fic de la Comunitat Aut\u00f2noma de les Illes Balears pot sol\u00b7licitar la inscripci\u00f3 en el registre d&#8217;operadors del Consell Balear de la producci\u00f3 Agr\u00e0ria Ecol\u00f2gica. Superats uns requisits previs pot iniciar-se en el m\u00f3n de l&#8217;agricultura ecol\u00f2gica.<\/p>\n<h3>Procediment d\u2019inscripci\u00f3<\/h3>\n<p><strong>1. Sol\u00b7licitar i omplir el formulari d\u2019inscripci\u00f3.<\/strong><br \/>\nAquest formulari pot ser facilitat al peticionari per correu ordinari, correu electr\u00f2nic, ser recollit a la seu del CBPAE, o descarregat a trav\u00e9s de la p\u00e0gina Web.<\/p>\n<p><strong>2. Entrega de la sol\u00b7licitud d\u2019inscripci\u00f3 junt amb la documentaci\u00f3 necess\u00e0ria.<\/strong><br \/>\nUna vegada complimentada i firmada, la sol\u00b7licitud d\u2019inscripci\u00f3 s\u2019ha d\u2019enviar per correu postal, per correu electr\u00f2nic o entregar en m\u00e0 a la seu del CBPAE. Junt amb la sol\u00b7licitud, s\u2019ha d\u2019entregar tamb\u00e9 la documentaci\u00f3 necess\u00e0ria requerida per a la tramitaci\u00f3 de la inscripci\u00f3.<\/p>\n<p><em>Per a la inscripci\u00f3 de finques agropecu\u00e0ries:<\/em><\/p>\n<ul>\n<li>Fotoc\u00f2pia DNI del titular, o el CIF de la societat.<\/li>\n<li>Fotoc\u00f2pia DNI del representant, i el document que ho acredita.*<\/li>\n<li>Estatuts de la societat.*<\/li>\n<li>Acreditaci\u00f3 de la titularitat de l\u2019explotaci\u00f3 (PAC, contracte privat..). Pl\u00e0nols cadastrals on s\u2019indica pol\u00edgon i parcel\u00b7la.<\/li>\n<li>C\u00f2pia cartilla ramadera.*<\/li>\n<\/ul>\n<p><em>Per a la inscripci\u00f3 d\u2019ind\u00fastries elaboradores, col\u00b7laboradores, comercialitzadores i ind\u00fastries importadores:<\/em><\/p>\n<ul>\n<li>Fotoc\u00f2pia DNI del titular o el CIF de la societat.<\/li>\n<li>Fotoc\u00f2pia DNI del representant, i el document que ho acredita.*<\/li>\n<li>Acreditaci\u00f3 de la titularitat de les instal\u00b7lacions.<\/li>\n<li>Pl\u00e0nols de les instal\u00b7lacions.<\/li>\n<li>C\u00f2pia del registre sanitari.<\/li>\n<li>C\u00f2pia del registre d\u2019ind\u00fastries agr\u00e0ries.<\/li>\n<li>Prova d\u2019impremta o esborrany de l\u2019etiqueta del producte, per l\u2019autoritzaci\u00f3. *<\/li>\n<li>Anal\u00edtica de l\u2019aigua.<\/li>\n<\/ul>\n<p>* Si escau.<\/p>\n<p><strong>3. Primera visita a l\u2019explotaci\u00f3<\/strong><br \/>\nUna vegada la sol\u00b7licitud est\u00e0 en curs i comprovada la documentaci\u00f3, un t\u00e8cnic de control far\u00e0 una visita a l\u2019explotaci\u00f3 o a la ind\u00fastria per verificar in situ que el sol\u00b7licitant compleix amb els requisits m\u00ednims per a realitzar agricultura, ramaderia i\/o elaboraci\u00f3 ecol\u00f2gica. Posteriorment, n\u2019elaborar\u00e0 un informe que passar\u00e0 pel Comit\u00e8 de Qualificaci\u00f3. Quan aquest doni el vist i plau, ja es pot comen\u00e7ar la gesti\u00f3 agr\u00e0ria ecol\u00f2gica de l\u2019explotaci\u00f3 i\/o ind\u00fastria.<\/p>\n<p><strong>4. Per\u00edode de conversi\u00f3<\/strong><br \/>\nEn el cas de les finques agropecu\u00e0ries, \u00e9s necessari passar un per\u00edode de conversi\u00f3 cap a l\u2019agricultura ecol\u00f2gica. La duraci\u00f3 del proc\u00e9s ser\u00e0 de dos anys en el cas de cultius anuals i el ramat, i de tres anys en el cas de cultius plurianuals. La comercialitzaci\u00f3 dels productes es far\u00e0 en funci\u00f3 de l\u2019estat de les parcel\u00b7les, passant de producte en conversi\u00f3 (quan dugui m\u00e9s de 12 mesos donada d\u2019alta) a producte ecol\u00f2gic (en haver acabat el per\u00edode de conversi\u00f3).<\/p>\n<\/div><\/div><div class=\"w-separator size_small\"><\/div><\/div><\/div><\/div><div class=\"vc_col-sm-6 wpb_column vc_column_container\"><div class=\"vc_column-inner type_sticky\"><div class=\"wpb_wrapper\">[vc_custom_heading text=&#8221;Formularis&#8221; font_container=&#8221;tag:h3|text_align:left&#8221; use_theme_fonts=&#8221;yes&#8221;]<div class=\"w-grid us_grid type_grid layout_1495 cols_1 preload_style_spinner\" id=\"us_grid_1\" style=\"--columns:1;--gap:1.5rem;\" data-filterable=\"true\"><style>.layout_1495 .w-grid-item-h{border-radius:0.3rem}.layout_1495 .usg_vwrapper_1{border-radius:0.3rem!important;padding:5%!important;border:1px solid var(--color-content-border)!important}.layout_1495 .usg_post_title_1{font-size:1.1rem!important;font-weight:700!important}.layout_1495 .usg_hwrapper_1{font-size:0.9rem!important}.layout_1495 .usg_hwrapper_2{font-size:0.9rem!important}.layout_1495 .usg_hwrapper_3{font-size:0.9rem!important}<\/style><div class=\"w-grid-list\">\t<article class=\"w-grid-item size_1x1 post-3789 document type-document status-publish hentry categoria-document-registration\" data-id=\"3789\">\r\n\t\t<div class=\"w-grid-item-h\">\r\n\t\t\t\t\t\t<div class=\"w-vwrapper usg_vwrapper_1\" style=\"--vwrapper-gap:0.5rem\"><h2 class=\"w-post-elm post_title usg_post_title_1 entry-title color_link_inherit\">Registration of estates<\/h2><div class=\"w-hwrapper usg_hwrapper_1\" style=\"--hwrapper-gap:1.20rem\"><div class=\"w-text usg_text_1 icon_atleft\"><a href=\"https:\/\/www.cbpae.org\/wp-content\/uploads\/FR-26-Inscripcio_-finques-1.pdf\" class=\"w-text-h\"><i class=\"fas fa-file-pdf\"><\/i><span class=\"w-text-value\">PDF (Catal\u00e0)<\/span><\/a><\/div><div class=\"w-text usg_text_2 icon_atleft\"><a href=\"https:\/\/www.cbpae.org\/wp-content\/uploads\/FR-26-Inscripcion_fincass-cast.pdf\" class=\"w-text-h\"><i class=\"fas fa-file-pdf\"><\/i><span class=\"w-text-value\">PDF (Espa\u00f1ol)<\/span><\/a><\/div><\/div><div class=\"w-hwrapper usg_hwrapper_2\" style=\"--hwrapper-gap:1.20rem\"><div class=\"w-text usg_text_7 icon_atleft\"><a href=\"https:\/\/www.cbpae.org\/wp-content\/uploads\/FR-26-Inscripcio_-finques-1.doc\" class=\"w-text-h\"><i class=\"fas fa-file-word\"><\/i><span class=\"w-text-value\">DOC (Catal\u00e0)<\/span><\/a><\/div><div class=\"w-text usg_text_4 icon_atleft\"><a href=\"https:\/\/www.cbpae.org\/wp-content\/uploads\/FR-26-Inscripcion_-fincas-2.doc\" class=\"w-text-h\"><i class=\"fas fa-file-word\"><\/i><span class=\"w-text-value\">DOC (Espa\u00f1ol)<\/span><\/a><\/div><\/div><\/div>\t\t<\/div>\r\n\t\t\t<\/article>\r\n<\/div>\t<div class=\"w-grid-preloader\">\r\n\t\t<div class=\"g-preloader type_1\">\r\n\t\t\t<div><\/div>\r\n\t\t<\/div>\r\n\t<\/div>\r\n\t\t<div class=\"w-grid-json hidden\" onclick='return {&quot;action&quot;:&quot;us_ajax_grid&quot;,&quot;infinite_scroll&quot;:0,&quot;max_num_pages&quot;:1,&quot;pagination&quot;:&quot;none&quot;,&quot;template_vars&quot;:{&quot;columns&quot;:&quot;1&quot;,&quot;exclude_items&quot;:&quot;none&quot;,&quot;img_size&quot;:&quot;default&quot;,&quot;ignore_items_size&quot;:0,&quot;items_layout&quot;:&quot;1495&quot;,&quot;items_offset&quot;:&quot;1&quot;,&quot;load_animation&quot;:&quot;none&quot;,&quot;overriding_link&quot;:&quot;%7B%22url%22%3A%22%22%7D&quot;,&quot;post_id&quot;:0,&quot;query_args&quot;:{&quot;post_type&quot;:[&quot;document&quot;],&quot;tax_query&quot;:[{&quot;taxonomy&quot;:&quot;categoria-document&quot;,&quot;field&quot;:&quot;slug&quot;,&quot;terms&quot;:[&quot;inscripcio&quot;]}],&quot;post_status&quot;:[&quot;publish&quot;,&quot;acf-disabled&quot;],&quot;posts_per_page&quot;:&quot;10&quot;},&quot;orderby_query_args&quot;:{&quot;orderby&quot;:{&quot;date&quot;:&quot;ASC&quot;}},&quot;type&quot;:&quot;grid&quot;,&quot;us_grid_post_type&quot;:&quot;document&quot;,&quot;us_grid_ajax_index&quot;:1,&quot;us_grid_filter_query_string&quot;:null,&quot;us_grid_index&quot;:1,&quot;page_args&quot;:[],&quot;lang&quot;:&quot;en&quot;}}'><\/div>\r\n\t<\/div><\/div><\/div><\/div><\/div><\/div><\/section>\n","protected":false},"excerpt":{"rendered":"","protected":false},"author":1,"featured_media":0,"parent":0,"menu_order":0,"comment_status":"closed","ping_status":"closed","template":"","meta":{"_acf_changed":false,"footnotes":""},"class_list":["post-3786","page","type-page","status-publish","hentry"],"acf":[],"_links":{"self":[{"href":"https:\/\/www.cbpae.org\/en\/wp-json\/wp\/v2\/pages\/3786","targetHints":{"allow":["GET"]}}],"collection":[{"href":"https:\/\/www.cbpae.org\/en\/wp-json\/wp\/v2\/pages"}],"about":[{"href":"https:\/\/www.cbpae.org\/en\/wp-json\/wp\/v2\/types\/page"}],"author":[{"embeddable":true,"href":"https:\/\/www.cbpae.org\/en\/wp-json\/wp\/v2\/users\/1"}],"replies":[{"embeddable":true,"href":"https:\/\/www.cbpae.org\/en\/wp-json\/wp\/v2\/comments?post=3786"}],"version-history":[{"count":1,"href":"https:\/\/www.cbpae.org\/en\/wp-json\/wp\/v2\/pages\/3786\/revisions"}],"predecessor-version":[{"id":3838,"href":"https:\/\/www.cbpae.org\/en\/wp-json\/wp\/v2\/pages\/3786\/revisions\/3838"}],"wp:attachment":[{"href":"https:\/\/www.cbpae.org\/en\/wp-json\/wp\/v2\/media?parent=3786"}],"curies":[{"name":"wp","href":"https:\/\/api.w.org\/{rel}","templated":true}]}}