{"id":3661,"date":"2023-07-21T15:05:15","date_gmt":"2023-07-21T13:05:15","guid":{"rendered":"https:\/\/www.cbpae.org\/cbpae\/"},"modified":"2024-02-22T15:07:53","modified_gmt":"2024-02-22T13:07:53","slug":"cbpae","status":"publish","type":"page","link":"https:\/\/www.cbpae.org\/es\/cbpae\/","title":{"rendered":"El CBPAE"},"content":{"rendered":"<section class=\"l-section wpb_row height_medium\"><div class=\"l-section-h i-cf\"><div class=\"g-cols vc_row via_flex valign_top type_default stacking_default\"><div class=\"vc_col-sm-12 wpb_column vc_column_container\"><div class=\"vc_column-inner\"><div class=\"wpb_wrapper\"><div class=\"w-grid us_grid us_custom_60e9caca us_animate_this type_grid layout_110 cols_3 preload_style_spinner\" id=\"us_grid_1\" style=\"--columns:3;--gap:1.5rem;\"><style>@media (max-width:1024px){#us_grid_1{--columns:2!important}}@media (max-width:600px){#us_grid_1{--columns:2!important}}.layout_110 .w-grid-item-h{border-radius:0.3rem;box-shadow:0 0.02rem 0.04rem rgba(0,0,0,0.1),0 0.07rem 0.2rem rgba(0,0,0,0.1);transition-duration:0.3s}.no-touch .layout_110 .w-grid-item-h:hover{box-shadow:0 0.12rem 0.24rem rgba(0,0,0,0.1),0 0.4rem 1.2rem rgba(0,0,0,0.15);z-index:4}.layout_110 .usg_post_custom_field_1{}.layout_110 .w-grid-item-h:focus-within .usg_post_custom_field_1,.layout_110 .w-grid-item-h:hover .usg_post_custom_field_1{color:#61bf1a!important}.layout_110 .usg_post_title_1{}.layout_110 .w-grid-item-h:focus-within .usg_post_title_1,.layout_110 .w-grid-item-h:hover .usg_post_title_1{color:var(--color-header-middle-text-hover)!important}.layout_110 .usg_vwrapper_1{}.layout_110 .w-grid-item-h:focus-within .usg_vwrapper_1,.layout_110 .w-grid-item-h:hover .usg_vwrapper_1{color:var(--color-header-middle-text-hover)!important}.layout_110 .usg_post_custom_field_1{font-size:4rem!important}.layout_110 .usg_post_title_1{font-size:1.3rem!important}.layout_110 .usg_vwrapper_1{padding:10%!important}<\/style><div class=\"w-grid-list\">\t<article class=\"w-grid-item size_1x1 post-4085 page type-page status-publish hentry\" data-id=\"4085\">\r\n\t\t<div class=\"w-grid-item-h\">\r\n\t\t\t\t\t\t\t<a href=\"https:\/\/www.cbpae.org\/es\/que-es-el-cbpae\/\" class=\"w-grid-item-anchor\" aria-label=\"\u00bfQu\u00e9 es el CBPAE?\"><\/a>\r\n\t\t\t\t\t\t<div class=\"w-vwrapper usg_vwrapper_1 serveis align_center\"><div class=\"w-post-elm post_custom_field usg_post_custom_field_1 type_icon us_tile_icon color_link_inherit\"><i class=\"fal fa-sun\"><\/i><\/div><h3 class=\"w-post-elm post_title usg_post_title_1 entry-title color_link_inherit\">\u00bfQu\u00e9 es el CBPAE?<\/h3><\/div>\t\t<\/div>\r\n\t\t\t<\/article>\r\n\t<article class=\"w-grid-item size_1x1 post-4094 page type-page status-publish hentry\" data-id=\"4094\">\r\n\t\t<div class=\"w-grid-item-h\">\r\n\t\t\t\t\t\t\t<a href=\"https:\/\/www.cbpae.org\/es\/estructura-organizativa\/\" class=\"w-grid-item-anchor\" aria-label=\"Estructura organizativa\"><\/a>\r\n\t\t\t\t\t\t<div class=\"w-vwrapper usg_vwrapper_1 serveis align_center\"><div class=\"w-post-elm post_custom_field usg_post_custom_field_1 type_icon us_tile_icon color_link_inherit\"><i class=\"fal fa-folder-tree\"><\/i><\/div><h3 class=\"w-post-elm post_title usg_post_title_1 entry-title color_link_inherit\">Estructura organizativa<\/h3><\/div>\t\t<\/div>\r\n\t\t\t<\/article>\r\n\t<article class=\"w-grid-item size_1x1 post-3698 page type-page status-publish hentry\" data-id=\"3698\">\r\n\t\t<div class=\"w-grid-item-h\">\r\n\t\t\t\t\t\t\t<a href=\"https:\/\/www.cbpae.org\/es\/normativa\/\" class=\"w-grid-item-anchor\" aria-label=\"Normativa\"><\/a>\r\n\t\t\t\t\t\t<div class=\"w-vwrapper usg_vwrapper_1 serveis align_center\"><div class=\"w-post-elm post_custom_field usg_post_custom_field_1 type_icon us_tile_icon color_link_inherit\"><i class=\"fal fa-gavel\"><\/i><\/div><h3 class=\"w-post-elm post_title usg_post_title_1 entry-title color_link_inherit\">Normativa<\/h3><\/div>\t\t<\/div>\r\n\t\t\t<\/article>\r\n<\/div>\t<div class=\"w-grid-preloader\">\r\n\t\t<div class=\"g-preloader type_1\">\r\n\t\t\t<div><\/div>\r\n\t\t<\/div>\r\n\t<\/div>\r\n\t\t<div class=\"w-grid-json hidden\" onclick='return {&quot;action&quot;:&quot;us_ajax_grid&quot;,&quot;infinite_scroll&quot;:0,&quot;max_num_pages&quot;:1,&quot;pagination&quot;:&quot;none&quot;,&quot;template_vars&quot;:{&quot;columns&quot;:&quot;3&quot;,&quot;exclude_items&quot;:&quot;none&quot;,&quot;img_size&quot;:&quot;default&quot;,&quot;ignore_items_size&quot;:0,&quot;items_layout&quot;:&quot;110&quot;,&quot;items_offset&quot;:&quot;1&quot;,&quot;load_animation&quot;:&quot;none&quot;,&quot;overriding_link&quot;:&quot;%7B%22type%22%3A%22post%22%7D&quot;,&quot;post_id&quot;:0,&quot;query_args&quot;:{&quot;ignore_sticky_posts&quot;:1,&quot;post_type&quot;:&quot;any&quot;,&quot;post__in&quot;:[&quot;1456&quot;,&quot;1611&quot;,&quot;1576&quot;],&quot;posts_per_page&quot;:&quot;10&quot;},&quot;orderby_query_args&quot;:{&quot;orderby&quot;:{&quot;post__in&quot;:&quot;ASC&quot;},&quot;order&quot;:&quot;ASC&quot;},&quot;type&quot;:&quot;grid&quot;,&quot;us_grid_post_type&quot;:&quot;ids&quot;,&quot;us_grid_ajax_index&quot;:1,&quot;us_grid_filter_query_string&quot;:null,&quot;us_grid_index&quot;:1,&quot;page_args&quot;:[],&quot;lang&quot;:&quot;es&quot;}}'><\/div>\r\n\t<\/div><\/div><\/div><\/div><\/div><\/div><\/section>\n","protected":false},"excerpt":{"rendered":"Normativa de la CAIBNormativa estatalNormativa europeaNormativa de la CAIB Normativa de la CAIB (enlla\u00e7 a la web de la CAIB) Decret 2009 &#8211; correcci\u00f3 d&#8217;erradesPDF (Catal\u00e0) Decret 2009PDF (Catal\u00e0) Decret 2004PDF (Catal\u00e0) Decret 2000PDF (Catal\u00e0) Decret 1994 &#8211; correcci\u00f3 d&#8217;erradesPDF (Catal\u00e0) Decret 1994PDF (Catal\u00e0) Normativa estatal Normativa estatal (enlla\u00e7 a la web de la CAIB)...","protected":false},"author":1,"featured_media":1203,"parent":0,"menu_order":0,"comment_status":"closed","ping_status":"closed","template":"","meta":{"_acf_changed":false,"footnotes":""},"class_list":["post-3661","page","type-page","status-publish","has-post-thumbnail","hentry"],"acf":[],"_links":{"self":[{"href":"https:\/\/www.cbpae.org\/es\/wp-json\/wp\/v2\/pages\/3661","targetHints":{"allow":["GET"]}}],"collection":[{"href":"https:\/\/www.cbpae.org\/es\/wp-json\/wp\/v2\/pages"}],"about":[{"href":"https:\/\/www.cbpae.org\/es\/wp-json\/wp\/v2\/types\/page"}],"author":[{"embeddable":true,"href":"https:\/\/www.cbpae.org\/es\/wp-json\/wp\/v2\/users\/1"}],"replies":[{"embeddable":true,"href":"https:\/\/www.cbpae.org\/es\/wp-json\/wp\/v2\/comments?post=3661"}],"version-history":[{"count":1,"href":"https:\/\/www.cbpae.org\/es\/wp-json\/wp\/v2\/pages\/3661\/revisions"}],"predecessor-version":[{"id":3779,"href":"https:\/\/www.cbpae.org\/es\/wp-json\/wp\/v2\/pages\/3661\/revisions\/3779"}],"wp:featuredmedia":[{"embeddable":true,"href":"https:\/\/www.cbpae.org\/es\/wp-json\/wp\/v2\/media\/1203"}],"wp:attachment":[{"href":"https:\/\/www.cbpae.org\/es\/wp-json\/wp\/v2\/media?parent=3661"}],"curies":[{"name":"wp","href":"https:\/\/api.w.org\/{rel}","templated":true}]}}