{"id":3675,"date":"2023-08-11T13:15:56","date_gmt":"2023-08-11T11:15:56","guid":{"rendered":"https:\/\/www.cbpae.org\/mapa-web\/"},"modified":"2023-08-11T13:15:56","modified_gmt":"2023-08-11T11:15:56","slug":"mapa-web","status":"publish","type":"page","link":"https:\/\/www.cbpae.org\/es\/mapa-web\/","title":{"rendered":"Mapa web"},"content":{"rendered":"<section class=\"l-section wpb_row height_medium\"><div class=\"l-section-h i-cf\"><div class=\"g-cols vc_row via_flex valign_top type_default stacking_default\"><div class=\"vc_col-sm-12 wpb_column vc_column_container\"><div class=\"vc_column-inner\"><div class=\"wpb_wrapper\"><nav class=\"w-menu layout_ver style_links us_menu_1 with_children\" style=\"--main-gap:1.5rem;--main-ver-indent:0.8em;--main-hor-indent:0.8em;--main-color:inherit;\"><ul id=\"menu-menu-esp\" class=\"menu\"><li id=\"menu-item-3766\" class=\"menu-item menu-item-type-post_type menu-item-object-page menu-item-home menu-item-3766\"><a href=\"https:\/\/www.cbpae.org\/es\/\">Inicio<\/a><\/li><li id=\"menu-item-4089\" class=\"menu-item menu-item-type-post_type menu-item-object-page menu-item-has-children menu-item-4089\"><a href=\"https:\/\/www.cbpae.org\/es\/produccion-ecologica\/\">Producci\u00f3n ecol\u00f3gica<\/a><ul class=\"sub-menu\"><li id=\"menu-item-4090\" class=\"menu-item menu-item-type-post_type menu-item-object-page menu-item-4090\"><a href=\"https:\/\/www.cbpae.org\/es\/que-es-la-produccion-ecologica\/\">\u00bfQu\u00e9 es la producci\u00f3n ecol\u00f3gica?<\/a><\/li><li id=\"menu-item-4091\" class=\"menu-item menu-item-type-post_type menu-item-object-page menu-item-4091\"><a href=\"https:\/\/www.cbpae.org\/es\/estado-actual-en-balears\/\">Estado actual en Balears<\/a><\/li><li id=\"menu-item-4092\" class=\"menu-item menu-item-type-post_type menu-item-object-page menu-item-4092\"><a href=\"https:\/\/www.cbpae.org\/es\/identificacion-eco\/\">Identificaci\u00f3n Eco<\/a><\/li><\/ul><\/li><li id=\"menu-item-3768\" class=\"menu-item menu-item-type-post_type menu-item-object-page menu-item-has-children menu-item-3768\"><a href=\"https:\/\/www.cbpae.org\/es\/cbpae\/\">El CBPAE<\/a><ul class=\"sub-menu\"><li id=\"menu-item-4098\" class=\"menu-item menu-item-type-post_type menu-item-object-page menu-item-4098\"><a href=\"https:\/\/www.cbpae.org\/es\/que-es-el-cbpae\/\">\u00bfQu\u00e9 es el CBPAE?<\/a><\/li><li id=\"menu-item-4100\" class=\"menu-item menu-item-type-post_type menu-item-object-page menu-item-4100\"><a href=\"https:\/\/www.cbpae.org\/es\/estructura-organizativa\/\">Estructura organizativa<\/a><\/li><li id=\"menu-item-4099\" class=\"menu-item menu-item-type-post_type menu-item-object-page menu-item-4099\"><a href=\"https:\/\/www.cbpae.org\/es\/normativa\/\">Normativa<\/a><\/li><\/ul><\/li><li id=\"menu-item-4116\" class=\"menu-item menu-item-type-post_type menu-item-object-page menu-item-has-children menu-item-4116\"><a href=\"https:\/\/www.cbpae.org\/es\/inscripcion\/\">Inscripci\u00f3n<\/a><ul class=\"sub-menu\"><li id=\"menu-item-4118\" class=\"menu-item menu-item-type-post_type menu-item-object-page menu-item-4118\"><a href=\"https:\/\/www.cbpae.org\/es\/cuota-inscripcion\/\">Cuota de inscripci\u00f3n<\/a><\/li><li id=\"menu-item-4120\" class=\"menu-item menu-item-type-post_type menu-item-object-page menu-item-4120\"><a href=\"https:\/\/www.cbpae.org\/es\/procedimiento-de-inscripcion\/\">Procedimiento de inscripci\u00f3n<\/a><\/li><li id=\"menu-item-4134\" class=\"menu-item menu-item-type-post_type menu-item-object-page menu-item-4134\"><a href=\"https:\/\/www.cbpae.org\/es\/sistema-de-certificacion\/\">Sistema de certificaci\u00f3n<\/a><\/li><li id=\"menu-item-4133\" class=\"menu-item menu-item-type-post_type menu-item-object-page menu-item-4133\"><a href=\"https:\/\/www.cbpae.org\/es\/derechos-y-obligaciones\/\">Derechos y obligaciones<\/a><\/li><\/ul><\/li><li id=\"menu-item-4147\" class=\"menu-item menu-item-type-post_type menu-item-object-page menu-item-has-children menu-item-4147\"><a href=\"https:\/\/www.cbpae.org\/es\/operadors\/\">Operadores<\/a><ul class=\"sub-menu\"><li id=\"menu-item-4148\" class=\"menu-item menu-item-type-post_type menu-item-object-page menu-item-4148\"><a href=\"https:\/\/www.cbpae.org\/es\/tramites\/\">Tr\u00e1mites<\/a><\/li><li id=\"menu-item-4151\" class=\"menu-item menu-item-type-post_type menu-item-object-page menu-item-4151\"><a href=\"https:\/\/www.cbpae.org\/es\/formacion\/\">Formaci\u00f3n<\/a><\/li><li id=\"menu-item-4152\" class=\"menu-item menu-item-type-post_type menu-item-object-page menu-item-4152\"><a href=\"https:\/\/www.cbpae.org\/es\/directorio-de-operadores\/\">Directorio de operadores<\/a><\/li><\/ul><\/li><li id=\"menu-item-4155\" class=\"menu-item menu-item-type-post_type menu-item-object-page menu-item-4155\"><a href=\"https:\/\/www.cbpae.org\/es\/directorio-ecologico\/\">Directorio ecol\u00f3gico<\/a><\/li><li id=\"menu-item-4143\" class=\"menu-item menu-item-type-post_type menu-item-object-page menu-item-has-children menu-item-4143\"><a href=\"https:\/\/www.cbpae.org\/es\/difusion\/\">Difusi\u00f3n<\/a><ul class=\"sub-menu\"><li id=\"menu-item-4144\" class=\"menu-item menu-item-type-post_type menu-item-object-page menu-item-4144\"><a href=\"https:\/\/www.cbpae.org\/es\/estadisticas\/\">Estad\u00edsticas<\/a><\/li><li id=\"menu-item-4153\" class=\"menu-item menu-item-type-post_type menu-item-object-page menu-item-4153\"><a href=\"https:\/\/www.cbpae.org\/es\/noticias\/\">Noticias<\/a><\/li><li id=\"menu-item-4154\" class=\"menu-item menu-item-type-post_type menu-item-object-page menu-item-4154\"><a href=\"https:\/\/www.cbpae.org\/es\/enlaces\/\">Enlaces de inter\u00e9s<\/a><\/li><\/ul><\/li><li id=\"menu-item-3767\" class=\"menu-item menu-item-type-post_type menu-item-object-page menu-item-3767\"><a href=\"https:\/\/www.cbpae.org\/es\/contacto\/\">Contacto<\/a><\/li><\/ul><style>@media ( max-width:600px ){.us_menu_1 .menu{display:block!important}.us_menu_1 .menu>li:not(:last-child){margin:0 0 var(--main-gap,1.5rem)!important}}<\/style><\/nav><\/div><\/div><\/div><\/div><\/div><\/section>\n","protected":false},"excerpt":{"rendered":"InicioProducci\u00f3n ecol\u00f3gica\u00bfQu\u00e9 es la producci\u00f3n ecol\u00f3gica?Estado actual en BalearsIdentificaci\u00f3n EcoEl CBPAE\u00bfQu\u00e9 es el CBPAE?Estructura organizativaNormativaInscripci\u00f3nCuota de inscripci\u00f3nProcedimiento de inscripci\u00f3nSistema de certificaci\u00f3nDerechos y obligacionesOperadoresTr\u00e1mitesFormaci\u00f3nDirectorio de operadoresDirectorio ecol\u00f3gicoDifusi\u00f3nEstad\u00edsticasNoticiasEnlaces de inter\u00e9sContacto","protected":false},"author":1,"featured_media":0,"parent":0,"menu_order":0,"comment_status":"closed","ping_status":"closed","template":"","meta":{"_acf_changed":false,"footnotes":""},"class_list":["post-3675","page","type-page","status-publish","hentry"],"acf":[],"_links":{"self":[{"href":"https:\/\/www.cbpae.org\/es\/wp-json\/wp\/v2\/pages\/3675","targetHints":{"allow":["GET"]}}],"collection":[{"href":"https:\/\/www.cbpae.org\/es\/wp-json\/wp\/v2\/pages"}],"about":[{"href":"https:\/\/www.cbpae.org\/es\/wp-json\/wp\/v2\/types\/page"}],"author":[{"embeddable":true,"href":"https:\/\/www.cbpae.org\/es\/wp-json\/wp\/v2\/users\/1"}],"replies":[{"embeddable":true,"href":"https:\/\/www.cbpae.org\/es\/wp-json\/wp\/v2\/comments?post=3675"}],"version-history":[{"count":0,"href":"https:\/\/www.cbpae.org\/es\/wp-json\/wp\/v2\/pages\/3675\/revisions"}],"wp:attachment":[{"href":"https:\/\/www.cbpae.org\/es\/wp-json\/wp\/v2\/media?parent=3675"}],"curies":[{"name":"wp","href":"https:\/\/api.w.org\/{rel}","templated":true}]}}