{"id":3708,"date":"2023-07-25T19:29:33","date_gmt":"2023-07-25T17:29:33","guid":{"rendered":"https:\/\/www.cbpae.org\/enllacos-dinteres\/"},"modified":"2024-02-22T14:37:42","modified_gmt":"2024-02-22T12:37:42","slug":"enlaces","status":"publish","type":"page","link":"https:\/\/www.cbpae.org\/es\/enlaces\/","title":{"rendered":"Enlaces de inter\u00e9s"},"content":{"rendered":"<section class=\"l-section wpb_row height_medium\"><div class=\"l-section-h i-cf\"><div class=\"g-cols vc_row via_flex valign_top type_default stacking_default\"><div class=\"vc_col-sm-4 wpb_column vc_column_container\"><div class=\"vc_column-inner\"><div class=\"wpb_wrapper\"><div class=\"wpb_text_column\"><div class=\"wpb_wrapper\"><p>El CBPAE realiza una selecci\u00f3n de <strong>enlaces web interesantes<\/strong>, relacionados con diversos \u00e1mbitos de la agricultura ecol\u00f3gica, clasificados por categor\u00edas. Por otro lado, en nuestro <strong><a href=\"https:\/\/www.cbpae.org\/es\/directorio-ecologico\/\">Directorio ecol\u00f3gico<\/a><\/strong> puedes encontrar una muestra de la oferta tan variada de productos ecol\u00f3gicos que se ofrecen en las Islas Baleares, clasificados por tipos de producto.<\/p>\n<\/div><\/div><div class=\"w-separator size_small\"><\/div><form class=\"w-filter for_grid state_desktop us-field-style_1 us_custom_9d4872ff has_text_color layout_ver items_1 mod_default hide_disabled_values\" action onsubmit=\"return false;\" onclick='return {&quot;filterPrefix&quot;:&quot;filter&quot;,&quot;hideDisabledValues&quot;:true,&quot;layout&quot;:&quot;ver&quot;,&quot;mobileWidth&quot;:600,&quot;use_grid&quot;:&quot;first&quot;,&quot;gridNotFoundMessage&quot;:&quot;Nothing to filter. Add a suitable Grid to this page.&quot;}'><div class=\"w-filter-list\"><div class=\"w-filter-list-title\">Filtros<\/div><button class=\"w-filter-list-closer\" title=\"Cerrar\" aria-label=\"Cerrar\"><\/button><div class=\"w-filter-item type_radio\" data-source=\"tax|categoria-link\"><button class=\"w-filter-item-title\">Categor\u00eda<span><\/span><\/button><a class=\"w-filter-item-reset\" href=\"#\" title=\"Reiniciar\"><span>Reiniciar<\/span><\/a><div class=\"w-filter-item-content\"><div class=\"w-filter-item-values\" data-maxheight><div class=\"w-filter-item-value selected\"><label><input type=\"radio\" value=\"*\" name=\"filter_categoria-link\" checked='checked'><span class=\"w-filter-item-value-label\">Todo<\/span><\/label><\/div><div class=\"w-filter-item-value\" data-item-amount=\"1\"><label><input type=\"radio\" value=\"boletines-y-revistas\" name=\"filter_categoria-link\"><span class=\"w-filter-item-value-label\">Boletines y revistas<\/span><span class=\"w-filter-item-value-amount\">1<\/span><\/label><\/div><div class=\"w-filter-item-value\" data-item-amount=\"2\"><label><input type=\"radio\" value=\"formacion\" name=\"filter_categoria-link\"><span class=\"w-filter-item-value-label\">Formaci\u00f3n<\/span><span class=\"w-filter-item-value-amount\">2<\/span><\/label><\/div><\/div><\/div><\/div><\/div><div class=\"w-filter-list-panel\"><button class=\"w-btn us-btn-style_1\"><span class=\"w-btn-label\">Aplicar<\/span><\/button><\/div><style>@media( max-width:600px ){.w-filter.state_desktop .w-filter-list,.w-filter-item-title>span{display:none}.w-filter-opener{display:inline-block}}<\/style><button class=\"w-filter-opener icon_atleft\"><i class=\"far fa-search\"><\/i><span>Filtros<\/span><\/button><div class=\"w-filter-json-filters-args hidden\" onclick='return {&quot;taxonomies_query_args&quot;:{&quot;tax|categoria-link&quot;:{&quot;asociaciones-de-baleares&quot;:{&quot;fields&quot;:&quot;ids&quot;,&quot;nopaging&quot;:true,&quot;post_status&quot;:[&quot;publish&quot;,&quot;acf-disabled&quot;,&quot;inherit&quot;],&quot;post_type&quot;:[],&quot;posts_per_page&quot;:1,&quot;suppress_filters&quot;:true,&quot;tax_query&quot;:[{&quot;taxonomy&quot;:&quot;categoria-link&quot;,&quot;field&quot;:&quot;slug&quot;,&quot;terms&quot;:&quot;asociaciones-de-baleares&quot;}]},&quot;boletines-y-revistas&quot;:{&quot;fields&quot;:&quot;ids&quot;,&quot;nopaging&quot;:true,&quot;post_status&quot;:[&quot;publish&quot;,&quot;acf-disabled&quot;,&quot;inherit&quot;],&quot;post_type&quot;:[],&quot;posts_per_page&quot;:1,&quot;suppress_filters&quot;:true,&quot;tax_query&quot;:[{&quot;taxonomy&quot;:&quot;categoria-link&quot;,&quot;field&quot;:&quot;slug&quot;,&quot;terms&quot;:&quot;boletines-y-revistas&quot;}]},&quot;estadisticas&quot;:{&quot;fields&quot;:&quot;ids&quot;,&quot;nopaging&quot;:true,&quot;post_status&quot;:[&quot;publish&quot;,&quot;acf-disabled&quot;,&quot;inherit&quot;],&quot;post_type&quot;:[],&quot;posts_per_page&quot;:1,&quot;suppress_filters&quot;:true,&quot;tax_query&quot;:[{&quot;taxonomy&quot;:&quot;categoria-link&quot;,&quot;field&quot;:&quot;slug&quot;,&quot;terms&quot;:&quot;estadisticas&quot;}]},&quot;ferias&quot;:{&quot;fields&quot;:&quot;ids&quot;,&quot;nopaging&quot;:true,&quot;post_status&quot;:[&quot;publish&quot;,&quot;acf-disabled&quot;,&quot;inherit&quot;],&quot;post_type&quot;:[],&quot;posts_per_page&quot;:1,&quot;suppress_filters&quot;:true,&quot;tax_query&quot;:[{&quot;taxonomy&quot;:&quot;categoria-link&quot;,&quot;field&quot;:&quot;slug&quot;,&quot;terms&quot;:&quot;ferias&quot;}]},&quot;formacion&quot;:{&quot;fields&quot;:&quot;ids&quot;,&quot;nopaging&quot;:true,&quot;post_status&quot;:[&quot;publish&quot;,&quot;acf-disabled&quot;,&quot;inherit&quot;],&quot;post_type&quot;:[],&quot;posts_per_page&quot;:1,&quot;suppress_filters&quot;:true,&quot;tax_query&quot;:[{&quot;taxonomy&quot;:&quot;categoria-link&quot;,&quot;field&quot;:&quot;slug&quot;,&quot;terms&quot;:&quot;formacion&quot;}]},&quot;informacion-geografica&quot;:{&quot;fields&quot;:&quot;ids&quot;,&quot;nopaging&quot;:true,&quot;post_status&quot;:[&quot;publish&quot;,&quot;acf-disabled&quot;,&quot;inherit&quot;],&quot;post_type&quot;:[],&quot;posts_per_page&quot;:1,&quot;suppress_filters&quot;:true,&quot;tax_query&quot;:[{&quot;taxonomy&quot;:&quot;categoria-link&quot;,&quot;field&quot;:&quot;slug&quot;,&quot;terms&quot;:&quot;informacion-geografica&quot;}]},&quot;insums-es&quot;:{&quot;fields&quot;:&quot;ids&quot;,&quot;nopaging&quot;:true,&quot;post_status&quot;:[&quot;publish&quot;,&quot;acf-disabled&quot;,&quot;inherit&quot;],&quot;post_type&quot;:[],&quot;posts_per_page&quot;:1,&quot;suppress_filters&quot;:true,&quot;tax_query&quot;:[{&quot;taxonomy&quot;:&quot;categoria-link&quot;,&quot;field&quot;:&quot;slug&quot;,&quot;terms&quot;:&quot;insums-es&quot;}]},&quot;investigacion&quot;:{&quot;fields&quot;:&quot;ids&quot;,&quot;nopaging&quot;:true,&quot;post_status&quot;:[&quot;publish&quot;,&quot;acf-disabled&quot;,&quot;inherit&quot;],&quot;post_type&quot;:[],&quot;posts_per_page&quot;:1,&quot;suppress_filters&quot;:true,&quot;tax_query&quot;:[{&quot;taxonomy&quot;:&quot;categoria-link&quot;,&quot;field&quot;:&quot;slug&quot;,&quot;terms&quot;:&quot;investigacion&quot;}]},&quot;meteorologia-es&quot;:{&quot;fields&quot;:&quot;ids&quot;,&quot;nopaging&quot;:true,&quot;post_status&quot;:[&quot;publish&quot;,&quot;acf-disabled&quot;,&quot;inherit&quot;],&quot;post_type&quot;:[],&quot;posts_per_page&quot;:1,&quot;suppress_filters&quot;:true,&quot;tax_query&quot;:[{&quot;taxonomy&quot;:&quot;categoria-link&quot;,&quot;field&quot;:&quot;slug&quot;,&quot;terms&quot;:&quot;meteorologia-es&quot;}]},&quot;noticias&quot;:{&quot;fields&quot;:&quot;ids&quot;,&quot;nopaging&quot;:true,&quot;post_status&quot;:[&quot;publish&quot;,&quot;acf-disabled&quot;,&quot;inherit&quot;],&quot;post_type&quot;:[],&quot;posts_per_page&quot;:1,&quot;suppress_filters&quot;:true,&quot;tax_query&quot;:[{&quot;taxonomy&quot;:&quot;categoria-link&quot;,&quot;field&quot;:&quot;slug&quot;,&quot;terms&quot;:&quot;noticias&quot;}]},&quot;organismos-de-control&quot;:{&quot;fields&quot;:&quot;ids&quot;,&quot;nopaging&quot;:true,&quot;post_status&quot;:[&quot;publish&quot;,&quot;acf-disabled&quot;,&quot;inherit&quot;],&quot;post_type&quot;:[],&quot;posts_per_page&quot;:1,&quot;suppress_filters&quot;:true,&quot;tax_query&quot;:[{&quot;taxonomy&quot;:&quot;categoria-link&quot;,&quot;field&quot;:&quot;slug&quot;,&quot;terms&quot;:&quot;organismos-de-control&quot;}]},&quot;organismos-internacionales&quot;:{&quot;fields&quot;:&quot;ids&quot;,&quot;nopaging&quot;:true,&quot;post_status&quot;:[&quot;publish&quot;,&quot;acf-disabled&quot;,&quot;inherit&quot;],&quot;post_type&quot;:[],&quot;posts_per_page&quot;:1,&quot;suppress_filters&quot;:true,&quot;tax_query&quot;:[{&quot;taxonomy&quot;:&quot;categoria-link&quot;,&quot;field&quot;:&quot;slug&quot;,&quot;terms&quot;:&quot;organismos-internacionales&quot;}]},&quot;organismos-oficiales&quot;:{&quot;fields&quot;:&quot;ids&quot;,&quot;nopaging&quot;:true,&quot;post_status&quot;:[&quot;publish&quot;,&quot;acf-disabled&quot;,&quot;inherit&quot;],&quot;post_type&quot;:[],&quot;posts_per_page&quot;:1,&quot;suppress_filters&quot;:true,&quot;tax_query&quot;:[{&quot;taxonomy&quot;:&quot;categoria-link&quot;,&quot;field&quot;:&quot;slug&quot;,&quot;terms&quot;:&quot;organismos-oficiales&quot;}]},&quot;otras-asociaciones&quot;:{&quot;fields&quot;:&quot;ids&quot;,&quot;nopaging&quot;:true,&quot;post_status&quot;:[&quot;publish&quot;,&quot;acf-disabled&quot;,&quot;inherit&quot;],&quot;post_type&quot;:[],&quot;posts_per_page&quot;:1,&quot;suppress_filters&quot;:true,&quot;tax_query&quot;:[{&quot;taxonomy&quot;:&quot;categoria-link&quot;,&quot;field&quot;:&quot;slug&quot;,&quot;terms&quot;:&quot;otras-asociaciones&quot;}]},&quot;portales&quot;:{&quot;fields&quot;:&quot;ids&quot;,&quot;nopaging&quot;:true,&quot;post_status&quot;:[&quot;publish&quot;,&quot;acf-disabled&quot;,&quot;inherit&quot;],&quot;post_type&quot;:[],&quot;posts_per_page&quot;:1,&quot;suppress_filters&quot;:true,&quot;tax_query&quot;:[{&quot;taxonomy&quot;:&quot;categoria-link&quot;,&quot;field&quot;:&quot;slug&quot;,&quot;terms&quot;:&quot;portales&quot;}]},&quot;publicaciones&quot;:{&quot;fields&quot;:&quot;ids&quot;,&quot;nopaging&quot;:true,&quot;post_status&quot;:[&quot;publish&quot;,&quot;acf-disabled&quot;,&quot;inherit&quot;],&quot;post_type&quot;:[],&quot;posts_per_page&quot;:1,&quot;suppress_filters&quot;:true,&quot;tax_query&quot;:[{&quot;taxonomy&quot;:&quot;categoria-link&quot;,&quot;field&quot;:&quot;slug&quot;,&quot;terms&quot;:&quot;publicaciones&quot;}]}}}}'><\/div><\/form><div class=\"w-separator size_small\"><\/div><\/div><\/div><\/div><div class=\"vc_col-sm-8 wpb_column vc_column_container\"><div class=\"vc_column-inner\"><div class=\"wpb_wrapper\"><div class=\"w-grid us_grid us_custom_60e9caca us_animate_this type_grid layout_1440 cols_1 pagination_ajax preload_style_spinner\" id=\"us_grid_1\" style=\"--columns:1;--gap:1.5rem;\" data-filterable=\"true\"><style>.layout_1440 .w-grid-item-h{border-radius:0.3rem;box-shadow:0 0rem 0rem rgba(0,0,0,0.1),0 0rem 0rem rgba(0,0,0,0.1);transition-duration:0.3s}.no-touch .layout_1440 .w-grid-item-h:hover{box-shadow:0 0.2rem 0.4rem rgba(0,0,0,0.1),0 0.67rem 2rem rgba(0,0,0,0.15);z-index:4}.layout_1440 .usg_vwrapper_1{transition-duration:0.3s;transform-origin:50% 50%;transform:scale(1) translate(0%,0%)}.layout_1440 .w-grid-item-h:focus-within .usg_vwrapper_1,.layout_1440 .w-grid-item-h:hover .usg_vwrapper_1{transform:scale(1) translate(0%,0%);opacity:1;border-color:transparent!important}.layout_1440 .usg_vwrapper_1{border-radius:0.3rem!important;padding:5%!important;border:1px solid var(--color-content-border)!important}.layout_1440 .usg_post_title_1{font-weight:700!important;font-size:1.1rem!important}.layout_1440 .usg_post_taxonomy_1{text-transform:uppercase!important}.layout_1440 .usg_post_custom_field_1{color:#61bf1a!important}<\/style><div class=\"w-grid-list\">\t<article class=\"w-grid-item size_1x1 post-4442 links type-links status-publish hentry categoria-link-boletines-y-revistas\" data-id=\"4442\">\r\n\t\t<div class=\"w-grid-item-h\">\r\n\t\t\t\t\t\t\t<a href=\"http:\/\/www.agrocultura.org\" class=\"w-grid-item-anchor\" aria-label=\"AgroCultura\"><\/a>\r\n\t\t\t\t\t\t<div class=\"w-vwrapper usg_vwrapper_1 align_none valign_top\" style=\"--vwrapper-gap:0.5rem\"><h2 class=\"w-post-elm post_title usg_post_title_1 entry-title color_link_inherit\">AgroCultura<\/h2><div class=\"w-post-elm post_content usg_post_content_1\">Revista trimestral sobre producci\u00f3 agr\u00e0ria ecol\u00f2gica i agroecologia. Editada per l&#8217;associaci\u00f3 L\u2019Era, Espai de Recursos Agroecol\u00f2gics.<\/div><div class=\"w-post-elm post_custom_field usg_post_custom_field_1 has_text_color type_text link color_link_inherit\"><span class=\"w-post-elm-value\">http:\/\/www.agrocultura.org<\/span><\/div><div class=\"w-post-elm post_taxonomy usg_post_taxonomy_1 style_simple color_link_inherit\"><span class=\"term-537 term-boletines-y-revistas\">Boletines y revistas<\/span><\/div><\/div>\t\t<\/div>\r\n\t\t\t<\/article>\r\n\t<article class=\"w-grid-item size_1x1 post-3722 links type-links status-publish hentry categoria-link-formacion\" data-id=\"3722\">\r\n\t\t<div class=\"w-grid-item-h\">\r\n\t\t\t\t\t\t\t<a href=\"https:\/\/interecoweb.com\/formacion\/\" class=\"w-grid-item-anchor\" aria-label=\"InterEco\"><\/a>\r\n\t\t\t\t\t\t<div class=\"w-vwrapper usg_vwrapper_1 align_none valign_top\" style=\"--vwrapper-gap:0.5rem\"><h2 class=\"w-post-elm post_title usg_post_title_1 entry-title color_link_inherit\">InterEco<\/h2><div class=\"w-post-elm post_content usg_post_content_1\">La divulgaci\u00f3n y la formaci\u00f3n son valores esenciales en el sector que se incluyen dentro del ideal de INTERECO. Prueba de ello es la consolidaci\u00f3n de nuestra formaci\u00f3n tanto en ferias y jornadas como en los m\u00f3dulos online que promovemos. La formaci\u00f3n de t\u00e9cnicos, agricultores, elaboradores, consumidores y otros colectivos objetivo para el desarrollo de la producci\u00f3n ecol\u00f3gica es uno de nuestros objetivos.<\/div><div class=\"w-post-elm post_custom_field usg_post_custom_field_1 has_text_color type_text link color_link_inherit\"><span class=\"w-post-elm-value\">https:\/\/interecoweb.com\/formacion\/<\/span><\/div><div class=\"w-post-elm post_taxonomy usg_post_taxonomy_1 style_simple color_link_inherit\"><span class=\"term-290 term-formacion\">Formaci\u00f3n<\/span><\/div><\/div>\t\t<\/div>\r\n\t\t\t<\/article>\r\n\t<article class=\"w-grid-item size_1x1 post-3724 links type-links status-publish hentry categoria-link-formacion\" data-id=\"3724\">\r\n\t\t<div class=\"w-grid-item-h\">\r\n\t\t\t\t\t\t\t<a href=\"https:\/\/www.varietatslocals.org\/index.php\/formacio\/\" class=\"w-grid-item-anchor\" aria-label=\"Associaci\u00f3 de Varietats Locals de Mallorca\"><\/a>\r\n\t\t\t\t\t\t<div class=\"w-vwrapper usg_vwrapper_1 align_none valign_top\" style=\"--vwrapper-gap:0.5rem\"><h2 class=\"w-post-elm post_title usg_post_title_1 entry-title color_link_inherit\">Associaci\u00f3 de Varietats Locals de Mallorca<\/h2><div class=\"w-post-elm post_content usg_post_content_1\">Anualmente realizan diferentes actos y actividades para dar a conocer las variedades locales, su situaci\u00f3n y la labor realizada. Hacen talleres, charlas. jornadas formativas y cursos a profesionales.<\/div><div class=\"w-post-elm post_custom_field usg_post_custom_field_1 has_text_color type_text link color_link_inherit\"><span class=\"w-post-elm-value\">https:\/\/www.varietatslocals.org\/index.php\/formacio\/<\/span><\/div><div class=\"w-post-elm post_taxonomy usg_post_taxonomy_1 style_simple color_link_inherit\"><span class=\"term-290 term-formacion\">Formaci\u00f3n<\/span><\/div><\/div>\t\t<\/div>\r\n\t\t\t<\/article>\r\n<\/div>\t<div class=\"w-grid-preloader\">\r\n\t\t<div class=\"g-preloader type_1\">\r\n\t\t\t<div><\/div>\r\n\t\t<\/div>\r\n\t<\/div>\r\n\t\t<div class=\"w-grid-json hidden\" onclick='return {&quot;action&quot;:&quot;us_ajax_grid&quot;,&quot;infinite_scroll&quot;:0,&quot;max_num_pages&quot;:1,&quot;pagination&quot;:&quot;ajax&quot;,&quot;template_vars&quot;:{&quot;columns&quot;:&quot;1&quot;,&quot;exclude_items&quot;:&quot;none&quot;,&quot;img_size&quot;:&quot;default&quot;,&quot;ignore_items_size&quot;:0,&quot;items_layout&quot;:&quot;1440&quot;,&quot;items_offset&quot;:&quot;1&quot;,&quot;load_animation&quot;:&quot;none&quot;,&quot;overriding_link&quot;:&quot;%7B%22type%22%3A%22custom_field%22%2C%22custom_field%22%3A%22link%22%7D&quot;,&quot;post_id&quot;:0,&quot;query_args&quot;:{&quot;post_type&quot;:[&quot;links&quot;],&quot;post_status&quot;:[&quot;publish&quot;,&quot;acf-disabled&quot;],&quot;posts_per_page&quot;:&quot;20&quot;},&quot;orderby_query_args&quot;:{&quot;orderby&quot;:&quot;RAND(1834343134)&quot;},&quot;type&quot;:&quot;grid&quot;,&quot;us_grid_post_type&quot;:&quot;links&quot;,&quot;us_grid_ajax_index&quot;:1,&quot;us_grid_filter_query_string&quot;:null,&quot;us_grid_index&quot;:1,&quot;page_args&quot;:[],&quot;lang&quot;:&quot;es&quot;}}'><\/div>\r\n\t<\/div><\/div><\/div><\/div><\/div><\/div><\/section>\n","protected":false},"excerpt":{"rendered":"Anualmente realizan diferentes actos y actividades para dar a conocer las variedades locales, su situaci\u00f3n y la labor realizada. Hacen talleres, charlas. jornadas formativas y cursos a profesionales.","protected":false},"author":1,"featured_media":1125,"parent":0,"menu_order":0,"comment_status":"closed","ping_status":"closed","template":"","meta":{"_acf_changed":false,"footnotes":""},"class_list":["post-3708","page","type-page","status-publish","has-post-thumbnail","hentry"],"acf":[],"_links":{"self":[{"href":"https:\/\/www.cbpae.org\/es\/wp-json\/wp\/v2\/pages\/3708","targetHints":{"allow":["GET"]}}],"collection":[{"href":"https:\/\/www.cbpae.org\/es\/wp-json\/wp\/v2\/pages"}],"about":[{"href":"https:\/\/www.cbpae.org\/es\/wp-json\/wp\/v2\/types\/page"}],"author":[{"embeddable":true,"href":"https:\/\/www.cbpae.org\/es\/wp-json\/wp\/v2\/users\/1"}],"replies":[{"embeddable":true,"href":"https:\/\/www.cbpae.org\/es\/wp-json\/wp\/v2\/comments?post=3708"}],"version-history":[{"count":4,"href":"https:\/\/www.cbpae.org\/es\/wp-json\/wp\/v2\/pages\/3708\/revisions"}],"predecessor-version":[{"id":3725,"href":"https:\/\/www.cbpae.org\/es\/wp-json\/wp\/v2\/pages\/3708\/revisions\/3725"}],"wp:featuredmedia":[{"embeddable":true,"href":"https:\/\/www.cbpae.org\/es\/wp-json\/wp\/v2\/media\/1125"}],"wp:attachment":[{"href":"https:\/\/www.cbpae.org\/es\/wp-json\/wp\/v2\/media?parent=3708"}],"curies":[{"name":"wp","href":"https:\/\/api.w.org\/{rel}","templated":true}]}}