{"id":3785,"date":"2023-08-01T19:11:55","date_gmt":"2023-08-01T17:11:55","guid":{"rendered":"https:\/\/www.cbpae.org\/procediment-dinscripcio\/"},"modified":"2024-07-01T12:06:08","modified_gmt":"2024-07-01T10:06:08","slug":"procedimiento-de-inscripcion","status":"publish","type":"page","link":"https:\/\/www.cbpae.org\/es\/procedimiento-de-inscripcion\/","title":{"rendered":"Procedimiento de inscripci\u00f3n"},"content":{"rendered":"<section class=\"l-section wpb_row height_medium\"><div class=\"l-section-h i-cf\"><div class=\"g-cols vc_row via_flex valign_top type_default stacking_default\"><div class=\"vc_col-sm-6 wpb_column vc_column_container\"><div class=\"vc_column-inner\"><div class=\"wpb_wrapper\"><div class=\"wpb_text_column\"><div class=\"wpb_wrapper\"><p>Cualquier finca, industria o comercio que se encuentren en el \u00e1mbito geogr\u00e1fico de la Comunitat Aut\u00f2noma de les Illes Balears puede solicitar la inscripci\u00f3n en el registro de operadores del Consell Balear de la Producci\u00f3 Agr\u00e0ria Ecol\u00f2gica. Superados unos requisitos previos puede iniciarse en el mundo de la agricultura ecol\u00f3gica.<\/p>\n<p><strong><br \/>\nProcedimiento de inscripci\u00f3n<br \/>\n<\/strong><\/p>\n<p>1.- Solicitar y rellenar el formulario de inscripci\u00f3n.<\/p>\n<p>Este formulario puede ser facilitado al peticionario por correo electr\u00f3nico, ser recogido en nuestra oficina o descargarse en esta web.<\/p>\n<p>2.- Entrega de la solicitud de inscripci\u00f3n junto con la documentaci\u00f3n necesaria.<\/p>\n<p>Una vez cumplimentada y firmada, la solicitud de inscripci\u00f3n se tiene que enviar por correo postal, por correo electr\u00f3nico o entregar en mano en nuestra oficina. Junto con la solicitud, se debe entregar tambi\u00e9n la documentaci\u00f3n necesaria requerida para la tramitaci\u00f3n de la inscripci\u00f3n.<\/p>\n<p>Para la inscripci\u00f3n de explotaciones agropecuarias:<\/p>\n<ul>\n<li>Fotocopia DNI del titular, o el CIF de la sociedad<\/li>\n<li>Fotocopia DNI del representante, y el documento que lo acredita*<\/li>\n<li>Estatutos de la sociedad*<\/li>\n<li>Acreditaci\u00f3n de la titularidad de la explotaci\u00f3n (PAC, contracto privado\u2026) mapa catastral donde se indique el pol\u00edgono y parcela.<\/li>\n<li>Copia de la cartilla ganadera*<\/li>\n<\/ul>\n<p>Para la inscripci\u00f3n de industria elaboradoras, colaboradores, comercializadores e industrias importadoras:<\/p>\n<ul>\n<li>Fotocopia DNI titular, o CIF de la sociedad<\/li>\n<li>Fotocopia DNI del representante, y el documento que lo acredita*<\/li>\n<li>Acreditaci\u00f3n de la titularidad o del alquiler de las instalaciones<\/li>\n<li>Croquis de las instalaciones<\/li>\n<li>Copia del registro de industria agraria<\/li>\n<li>Prueba de imprenta o boceto de la etiqueta del producto, para su autorizaci\u00f3n*<\/li>\n<li>Anal\u00edtica del agua<\/li>\n<\/ul>\n<p>*Si concierne<\/p>\n<p>3.- Primera visita a la explotaci\u00f3n o industria<\/p>\n<p>Una vez la solicitud esta en curso y comprobada la documentaci\u00f3n, un t\u00e9cnico de control realizar\u00e1 una primera visita a la explotaci\u00f3n o a la industria para verificar in situ que el solicitante cumple con los requisitos m\u00ednimos para realizar agricultura, ganader\u00eda y\/o elaboraci\u00f3n ecol\u00f3gica. Posteriormente, se elaborar\u00e1 un informe que pasara por el Comit\u00e9 de Cualificaci\u00f3n. Cuando este d\u00e9 el visto bueno, ya se puede iniciar la gesti\u00f3n agraria de la explotaci\u00f3n i\/o de la industria.<\/p>\n<p>4.- Periodo de conversi\u00f3n<\/p>\n<p>En el caso de las fincas agropecuarias, es necesario pasar un periodo de conversi\u00f3n hacia la agricultura ecol\u00f3gica. La duraci\u00f3n del proceso ser\u00e1 de dos a\u00f1os en el caso de cultivos anuales y el ganado, y de tres a\u00f1os en el caso de cultivos plurianuales. La comercializaci\u00f3n de los productos es har\u00e1 en funci\u00f3n del estado de las parcelas, pasando un producto en conversi\u00f3n (cuando lleva mas de 12 meses dado de alta) a producto ecol\u00f3gico (cuando haya acabado el periodo de conversi\u00f3n).<\/p>\n<\/div><\/div><div class=\"w-separator size_small\"><\/div><\/div><\/div><\/div><div class=\"vc_col-sm-6 wpb_column vc_column_container\"><div class=\"vc_column-inner type_sticky\"><div class=\"wpb_wrapper\">[vc_custom_heading text=\u00bbFormularios\u00bb font_container=\u00bbtag:h3|text_align:left\u00bb use_theme_fonts=\u00bbyes\u00bb]<div class=\"w-grid us_grid type_grid layout_1495 cols_1 preload_style_spinner\" id=\"us_grid_1\" style=\"--columns:1;--gap:1.5rem;\" data-filterable=\"true\"><style>.layout_1495 .w-grid-item-h{border-radius:0.3rem}.layout_1495 .usg_vwrapper_1{border-radius:0.3rem!important;padding:5%!important;border:1px solid var(--color-content-border)!important}.layout_1495 .usg_post_title_1{font-size:1.1rem!important;font-weight:700!important}.layout_1495 .usg_hwrapper_1{font-size:0.9rem!important}.layout_1495 .usg_hwrapper_2{font-size:0.9rem!important}.layout_1495 .usg_hwrapper_3{font-size:0.9rem!important}<\/style><div class=\"w-grid-list\">\t<article class=\"w-grid-item size_1x1 post-3790 document type-document status-publish hentry categoria-document-inscripcion\" data-id=\"3790\">\r\n\t\t<div class=\"w-grid-item-h\">\r\n\t\t\t\t\t\t<div class=\"w-vwrapper usg_vwrapper_1 align_none valign_top\" style=\"--vwrapper-gap:0.5rem\"><h2 class=\"w-post-elm post_title usg_post_title_1 entry-title color_link_inherit\">Inscripci\u00f3n fincas<\/h2><div class=\"w-hwrapper usg_hwrapper_1 align_none valign_top\" style=\"--hwrapper-gap:1.20rem\"><div class=\"w-text usg_text_1 icon_atleft\"><a href=\"https:\/\/www.cbpae.org\/wp-content\/uploads\/FR-26-Inscripcio_-finques-1.pdf\" class=\"w-text-h\"><i class=\"fas fa-file-pdf\"><\/i><span class=\"w-text-value\">PDF (Catal\u00e0)<\/span><\/a><\/div><div class=\"w-text usg_text_2 icon_atleft\"><a href=\"https:\/\/www.cbpae.org\/wp-content\/uploads\/FR-26-Inscripcion_fincass-cast.pdf\" class=\"w-text-h\"><i class=\"fas fa-file-pdf\"><\/i><span class=\"w-text-value\">PDF (Espa\u00f1ol)<\/span><\/a><\/div><\/div><div class=\"w-hwrapper usg_hwrapper_2 align_none valign_top\" style=\"--hwrapper-gap:1.20rem\"><div class=\"w-text usg_text_7 icon_atleft\"><a href=\"https:\/\/www.cbpae.org\/wp-content\/uploads\/FR-26-Inscripcio_-finques-1.doc\" class=\"w-text-h\"><i class=\"fas fa-file-word\"><\/i><span class=\"w-text-value\">DOC (Catal\u00e0)<\/span><\/a><\/div><div class=\"w-text usg_text_4 icon_atleft\"><a href=\"https:\/\/www.cbpae.org\/wp-content\/uploads\/FR-26-Inscripcion_-fincas-2.doc\" class=\"w-text-h\"><i class=\"fas fa-file-word\"><\/i><span class=\"w-text-value\">DOC (Espa\u00f1ol)<\/span><\/a><\/div><\/div><\/div>\t\t<\/div>\r\n\t\t\t<\/article>\r\n\t<article class=\"w-grid-item size_1x1 post-4135 document type-document status-publish hentry categoria-document-inscripcion\" data-id=\"4135\">\r\n\t\t<div class=\"w-grid-item-h\">\r\n\t\t\t\t\t\t<div class=\"w-vwrapper usg_vwrapper_1 align_none valign_top\" style=\"--vwrapper-gap:0.5rem\"><h2 class=\"w-post-elm post_title usg_post_title_1 entry-title color_link_inherit\">Inscripci\u00f3n industrias elaboradoras, comercializadoras e importadoras<\/h2><div class=\"w-hwrapper usg_hwrapper_1 align_none valign_top\" style=\"--hwrapper-gap:1.20rem\"><div class=\"w-text usg_text_1 icon_atleft\"><a href=\"https:\/\/www.cbpae.org\/wp-content\/uploads\/FR-27-Inscripcio_elaboradors-1.pdf\" class=\"w-text-h\"><i class=\"fas fa-file-pdf\"><\/i><span class=\"w-text-value\">PDF (Catal\u00e0)<\/span><\/a><\/div><div class=\"w-text usg_text_2 icon_atleft\"><a href=\"https:\/\/www.cbpae.org\/wp-content\/uploads\/FR-27-Inscripcion_Elaboradores-2.pdf\" class=\"w-text-h\"><i class=\"fas fa-file-pdf\"><\/i><span class=\"w-text-value\">PDF (Espa\u00f1ol)<\/span><\/a><\/div><\/div><div class=\"w-hwrapper usg_hwrapper_2 align_none valign_top\" style=\"--hwrapper-gap:1.20rem\"><div class=\"w-text usg_text_7 icon_atleft\"><a href=\"https:\/\/www.cbpae.org\/wp-content\/uploads\/FR-27-Inscripcio_elaboradors-1.doc\" class=\"w-text-h\"><i class=\"fas fa-file-word\"><\/i><span class=\"w-text-value\">DOC (Catal\u00e0)<\/span><\/a><\/div><div class=\"w-text usg_text_4 icon_atleft\"><a href=\"https:\/\/www.cbpae.org\/wp-content\/uploads\/FR-27-Inscripcion_Elaboradores-2.doc\" class=\"w-text-h\"><i class=\"fas fa-file-word\"><\/i><span class=\"w-text-value\">DOC (Espa\u00f1ol)<\/span><\/a><\/div><\/div><\/div>\t\t<\/div>\r\n\t\t\t<\/article>\r\n\t<article class=\"w-grid-item size_1x1 post-4137 document type-document status-publish hentry categoria-document-inscripcion\" data-id=\"4137\">\r\n\t\t<div class=\"w-grid-item-h\">\r\n\t\t\t\t\t\t<div class=\"w-vwrapper usg_vwrapper_1 align_none valign_top\" style=\"--vwrapper-gap:0.5rem\"><h2 class=\"w-post-elm post_title usg_post_title_1 entry-title color_link_inherit\">Anexo industrias importadoras<\/h2><div class=\"w-hwrapper usg_hwrapper_1 align_none valign_top\" style=\"--hwrapper-gap:1.20rem\"><div class=\"w-text usg_text_1 icon_atleft\"><a href=\"https:\/\/www.cbpae.org\/wp-content\/uploads\/FR-xx-Annex-importadors-Inscripcio-Elaboradors.pdf\" class=\"w-text-h\"><i class=\"fas fa-file-pdf\"><\/i><span class=\"w-text-value\">PDF (Catal\u00e0)<\/span><\/a><\/div><div class=\"w-text usg_text_2 icon_atleft\"><a href=\"https:\/\/www.cbpae.org\/wp-content\/uploads\/FR-xx-Annexo-importadores-Inscripcion-Elaboradores.pdf\" class=\"w-text-h\"><i class=\"fas fa-file-pdf\"><\/i><span class=\"w-text-value\">PDF (Espa\u00f1ol)<\/span><\/a><\/div><\/div><div class=\"w-hwrapper usg_hwrapper_2 align_none valign_top\" style=\"--hwrapper-gap:1.20rem\"><div class=\"w-text usg_text_7 icon_atleft\"><a href=\"https:\/\/www.cbpae.org\/wp-content\/uploads\/FR-xx-Annex-importadors-Inscripcio-Elaboradors.doc\" class=\"w-text-h\"><i class=\"fas fa-file-word\"><\/i><span class=\"w-text-value\">DOC (Catal\u00e0)<\/span><\/a><\/div><div class=\"w-text usg_text_4 icon_atleft\"><a href=\"https:\/\/www.cbpae.org\/wp-content\/uploads\/FR-xx-Annexo-importadores-Inscripcion-Elaboradores.doc\" class=\"w-text-h\"><i class=\"fas fa-file-word\"><\/i><span class=\"w-text-value\">DOC (Espa\u00f1ol)<\/span><\/a><\/div><\/div><\/div>\t\t<\/div>\r\n\t\t\t<\/article>\r\n\t<article class=\"w-grid-item size_1x1 post-4136 document type-document status-publish hentry categoria-document-inscripcion\" data-id=\"4136\">\r\n\t\t<div class=\"w-grid-item-h\">\r\n\t\t\t\t\t\t<div class=\"w-vwrapper usg_vwrapper_1 align_none valign_top\" style=\"--vwrapper-gap:0.5rem\"><h2 class=\"w-post-elm post_title usg_post_title_1 entry-title color_link_inherit\">Inscripci\u00f3n sal<\/h2><div class=\"w-hwrapper usg_hwrapper_1 align_none valign_top\" style=\"--hwrapper-gap:1.20rem\"><div class=\"w-text usg_text_1 icon_atleft\"><a href=\"https:\/\/www.cbpae.org\/wp-content\/uploads\/FR-26S-Inscripcio_-sal-2.pdf\" class=\"w-text-h\"><i class=\"fas fa-file-pdf\"><\/i><span class=\"w-text-value\">PDF (Catal\u00e0)<\/span><\/a><\/div><\/div><div class=\"w-hwrapper usg_hwrapper_2 align_none valign_top\" style=\"--hwrapper-gap:1.20rem\"><div class=\"w-text usg_text_7 icon_atleft\"><a href=\"https:\/\/www.cbpae.org\/wp-content\/uploads\/FR-26S-Inscripcio_-sal-2.doc\" class=\"w-text-h\"><i class=\"fas fa-file-word\"><\/i><span class=\"w-text-value\">DOC (Catal\u00e0)<\/span><\/a><\/div><\/div><\/div>\t\t<\/div>\r\n\t\t\t<\/article>\r\n<\/div>\t<div class=\"w-grid-preloader\">\r\n\t\t<div class=\"g-preloader type_1\">\r\n\t\t\t<div><\/div>\r\n\t\t<\/div>\r\n\t<\/div>\r\n\t\t<div class=\"w-grid-json hidden\" onclick='return {&quot;action&quot;:&quot;us_ajax_grid&quot;,&quot;infinite_scroll&quot;:0,&quot;max_num_pages&quot;:1,&quot;pagination&quot;:&quot;none&quot;,&quot;template_vars&quot;:{&quot;columns&quot;:&quot;1&quot;,&quot;exclude_items&quot;:&quot;none&quot;,&quot;img_size&quot;:&quot;default&quot;,&quot;ignore_items_size&quot;:0,&quot;items_layout&quot;:&quot;1495&quot;,&quot;items_offset&quot;:&quot;1&quot;,&quot;load_animation&quot;:&quot;none&quot;,&quot;overriding_link&quot;:&quot;%7B%22url%22%3A%22%22%7D&quot;,&quot;post_id&quot;:0,&quot;query_args&quot;:{&quot;post_type&quot;:[&quot;document&quot;],&quot;tax_query&quot;:[{&quot;taxonomy&quot;:&quot;categoria-document&quot;,&quot;field&quot;:&quot;slug&quot;,&quot;terms&quot;:[&quot;inscripcio&quot;]}],&quot;post_status&quot;:[&quot;publish&quot;,&quot;acf-disabled&quot;],&quot;posts_per_page&quot;:&quot;10&quot;},&quot;orderby_query_args&quot;:{&quot;orderby&quot;:{&quot;date&quot;:&quot;ASC&quot;}},&quot;type&quot;:&quot;grid&quot;,&quot;us_grid_post_type&quot;:&quot;document&quot;,&quot;us_grid_ajax_index&quot;:1,&quot;us_grid_filter_query_string&quot;:null,&quot;us_grid_index&quot;:1,&quot;page_args&quot;:[],&quot;lang&quot;:&quot;es&quot;}}'><\/div>\r\n\t<\/div><\/div><\/div><\/div><\/div><\/div><\/section>\n","protected":false},"excerpt":{"rendered":"","protected":false},"author":1,"featured_media":0,"parent":0,"menu_order":0,"comment_status":"closed","ping_status":"closed","template":"","meta":{"_acf_changed":false,"footnotes":""},"class_list":["post-3785","page","type-page","status-publish","hentry"],"acf":[],"_links":{"self":[{"href":"https:\/\/www.cbpae.org\/es\/wp-json\/wp\/v2\/pages\/3785","targetHints":{"allow":["GET"]}}],"collection":[{"href":"https:\/\/www.cbpae.org\/es\/wp-json\/wp\/v2\/pages"}],"about":[{"href":"https:\/\/www.cbpae.org\/es\/wp-json\/wp\/v2\/types\/page"}],"author":[{"embeddable":true,"href":"https:\/\/www.cbpae.org\/es\/wp-json\/wp\/v2\/users\/1"}],"replies":[{"embeddable":true,"href":"https:\/\/www.cbpae.org\/es\/wp-json\/wp\/v2\/comments?post=3785"}],"version-history":[{"count":5,"href":"https:\/\/www.cbpae.org\/es\/wp-json\/wp\/v2\/pages\/3785\/revisions"}],"predecessor-version":[{"id":4142,"href":"https:\/\/www.cbpae.org\/es\/wp-json\/wp\/v2\/pages\/3785\/revisions\/4142"}],"wp:attachment":[{"href":"https:\/\/www.cbpae.org\/es\/wp-json\/wp\/v2\/media?parent=3785"}],"curies":[{"name":"wp","href":"https:\/\/api.w.org\/{rel}","templated":true}]}}