{"id":39,"date":"2023-07-20T13:02:53","date_gmt":"2023-07-20T11:02:53","guid":{"rendered":"https:\/\/www.cbpae.org\/?page_id=39"},"modified":"2024-02-19T20:04:01","modified_gmt":"2024-02-19T18:04:01","slug":"inici","status":"publish","type":"page","link":"https:\/\/www.cbpae.org\/es\/","title":{"rendered":"Inicio"},"content":{"rendered":"<section class=\"l-section wpb_row height_huge with_img parallax_ver\"><div class=\"l-section-img\" role=\"img\" aria-label=\"Imagen\" data-img-width=\"1920\" data-img-height=\"1280\" style=\"background-image: url(https:\/\/www.cbpae.org\/wp-content\/uploads\/vegetals.jpg);background-repeat: no-repeat;\"><\/div><div class=\"l-section-overlay\" style=\"background:var(--color-header-top-transparent-bg)\"><\/div><div class=\"l-section-h i-cf\"><div class=\"g-cols vc_row via_flex valign_top type_default stacking_default\"><div class=\"vc_col-sm-12 wpb_column vc_column_container\"><div class=\"vc_column-inner\"><div class=\"wpb_wrapper\"><h2 class=\"w-text us_custom_0988d3e3 has_text_color\"><span class=\"w-text-h\"><span class=\"w-text-value\">Velamos para que nuestros alimentos sean ecol\u00f3gicos<\/span><\/span><\/h2><div class=\"w-btn-wrapper align_center\"><a class=\"w-btn us-btn-style_1\" href=\"https:\/\/www.cbpae.org\/es\/cbpae\/\"><span class=\"w-btn-label\">\u00bfQue \u00e9s el CBPAE?<\/span><\/a><\/div><\/div><\/div><\/div><\/div><\/div><\/section><section class=\"l-section wpb_row us_custom_5a30321b height_auto\"><div class=\"l-section-h i-cf\"><div class=\"g-cols vc_row via_flex valign_top type_default stacking_default\"><div class=\"vc_col-sm-12 wpb_column vc_column_container\"><div class=\"vc_column-inner\"><div class=\"wpb_wrapper\"><div class=\"w-video align_center ratio_16x9 has_iframe\"><div class=\"w-video-h\"><iframe title=\"Youtube video player\" src=\"\/\/www.youtube.com\/embed\/aM94HGwBJ1w?autoplay=0&controls=1&origin=https:\/\/www.cbpae.org\/es\/&loop=0&mute=0\" allowfullscreen=\"1\" loading=\"lazy\"><\/iframe><\/div><\/div><\/div><\/div><\/div><\/div><\/div><\/section><section class=\"l-section wpb_row height_large\"><div class=\"l-section-h i-cf\"><div class=\"g-cols vc_row via_flex valign_top type_default stacking_default\"><div class=\"vc_col-sm-12 wpb_column vc_column_container\"><div class=\"vc_column-inner\"><div class=\"wpb_wrapper\"><div class=\"w-grid us_grid us_custom_60e9caca us_animate_this type_grid layout_110 cols_3 preload_style_spinner\" id=\"us_grid_1\" style=\"--columns:3;--gap:1.5rem;\"><style>@media (max-width:1024px){#us_grid_1{--columns:2!important}}@media (max-width:600px){#us_grid_1{--columns:2!important}}.layout_110 .w-grid-item-h{border-radius:0.3rem;box-shadow:0 0.02rem 0.04rem rgba(0,0,0,0.1),0 0.07rem 0.2rem rgba(0,0,0,0.1);transition-duration:0.3s}.no-touch .layout_110 .w-grid-item-h:hover{box-shadow:0 0.12rem 0.24rem rgba(0,0,0,0.1),0 0.4rem 1.2rem rgba(0,0,0,0.15);z-index:4}.layout_110 .usg_post_custom_field_1{}.layout_110 .w-grid-item-h:focus-within .usg_post_custom_field_1,.layout_110 .w-grid-item-h:hover .usg_post_custom_field_1{color:#61bf1a!important}.layout_110 .usg_post_title_1{}.layout_110 .w-grid-item-h:focus-within .usg_post_title_1,.layout_110 .w-grid-item-h:hover .usg_post_title_1{color:var(--color-header-middle-text-hover)!important}.layout_110 .usg_vwrapper_1{}.layout_110 .w-grid-item-h:focus-within .usg_vwrapper_1,.layout_110 .w-grid-item-h:hover .usg_vwrapper_1{color:var(--color-header-middle-text-hover)!important}.layout_110 .usg_post_custom_field_1{font-size:4rem!important}.layout_110 .usg_post_title_1{font-size:1.3rem!important}.layout_110 .usg_vwrapper_1{padding:10%!important}<\/style><div class=\"w-grid-list\">\t<article class=\"w-grid-item size_1x1 post-4087 page type-page status-publish has-post-thumbnail hentry\" data-id=\"4087\">\r\n\t\t<div class=\"w-grid-item-h\">\r\n\t\t\t\t\t\t\t<a href=\"https:\/\/www.cbpae.org\/es\/produccion-ecologica\/\" class=\"w-grid-item-anchor\" aria-label=\"Producci\u00f3n ecol\u00f3gica\"><\/a>\r\n\t\t\t\t\t\t<div class=\"w-vwrapper usg_vwrapper_1 serveis align_center\"><div class=\"w-post-elm post_custom_field usg_post_custom_field_1 type_icon us_tile_icon color_link_inherit\"><i class=\"fal fa-leaf\"><\/i><\/div><h3 class=\"w-post-elm post_title usg_post_title_1 entry-title color_link_inherit\">Producci\u00f3n ecol\u00f3gica<\/h3><\/div>\t\t<\/div>\r\n\t\t\t<\/article>\r\n\t<article class=\"w-grid-item size_1x1 post-3661 page type-page status-publish has-post-thumbnail hentry\" data-id=\"3661\">\r\n\t\t<div class=\"w-grid-item-h\">\r\n\t\t\t\t\t\t\t<a href=\"https:\/\/www.cbpae.org\/es\/cbpae\/\" class=\"w-grid-item-anchor\" aria-label=\"El CBPAE\"><\/a>\r\n\t\t\t\t\t\t<div class=\"w-vwrapper usg_vwrapper_1 serveis align_center\"><div class=\"w-post-elm post_custom_field usg_post_custom_field_1 type_icon us_tile_icon color_link_inherit\"><i class=\"fal fa-info-circle\"><\/i><\/div><h3 class=\"w-post-elm post_title usg_post_title_1 entry-title color_link_inherit\">El CBPAE<\/h3><\/div>\t\t<\/div>\r\n\t\t\t<\/article>\r\n\t<article class=\"w-grid-item size_1x1 post-4112 page type-page status-publish hentry\" data-id=\"4112\">\r\n\t\t<div class=\"w-grid-item-h\">\r\n\t\t\t\t\t\t\t<a href=\"https:\/\/www.cbpae.org\/es\/inscripcion\/\" class=\"w-grid-item-anchor\" aria-label=\"Inscripci\u00f3n\"><\/a>\r\n\t\t\t\t\t\t<div class=\"w-vwrapper usg_vwrapper_1 serveis align_center\"><div class=\"w-post-elm post_custom_field usg_post_custom_field_1 type_icon us_tile_icon color_link_inherit\"><i class=\"fal fa-list\"><\/i><\/div><h3 class=\"w-post-elm post_title usg_post_title_1 entry-title color_link_inherit\">Inscripci\u00f3n<\/h3><\/div>\t\t<\/div>\r\n\t\t\t<\/article>\r\n\t<article class=\"w-grid-item size_1x1 post-4145 page type-page status-publish has-post-thumbnail hentry\" data-id=\"4145\">\r\n\t\t<div class=\"w-grid-item-h\">\r\n\t\t\t\t\t\t\t<a href=\"https:\/\/www.cbpae.org\/es\/operadors\/\" class=\"w-grid-item-anchor\" aria-label=\"Operadores\"><\/a>\r\n\t\t\t\t\t\t<div class=\"w-vwrapper usg_vwrapper_1 serveis align_center\"><div class=\"w-post-elm post_custom_field usg_post_custom_field_1 type_icon us_tile_icon color_link_inherit\"><i class=\"fal fa-users\"><\/i><\/div><h3 class=\"w-post-elm post_title usg_post_title_1 entry-title color_link_inherit\">Operadores<\/h3><\/div>\t\t<\/div>\r\n\t\t\t<\/article>\r\n\t<article class=\"w-grid-item size_1x1 post-3712 page type-page status-publish has-post-thumbnail hentry\" data-id=\"3712\">\r\n\t\t<div class=\"w-grid-item-h\">\r\n\t\t\t\t\t\t\t<a href=\"https:\/\/www.cbpae.org\/es\/directorio-ecologico\/\" class=\"w-grid-item-anchor\" aria-label=\"Directorio ecol\u00f3gico\"><\/a>\r\n\t\t\t\t\t\t<div class=\"w-vwrapper usg_vwrapper_1 serveis align_center\"><div class=\"w-post-elm post_custom_field usg_post_custom_field_1 type_icon us_tile_icon color_link_inherit\"><i class=\"fal fa-address-book\"><\/i><\/div><h3 class=\"w-post-elm post_title usg_post_title_1 entry-title color_link_inherit\">Directorio ecol\u00f3gico<\/h3><\/div>\t\t<\/div>\r\n\t\t\t<\/article>\r\n\t<article class=\"w-grid-item size_1x1 post-3775 page type-page status-publish has-post-thumbnail hentry\" data-id=\"3775\">\r\n\t\t<div class=\"w-grid-item-h\">\r\n\t\t\t\t\t\t\t<a href=\"https:\/\/www.cbpae.org\/es\/difusion\/\" class=\"w-grid-item-anchor\" aria-label=\"Difusi\u00f3n\"><\/a>\r\n\t\t\t\t\t\t<div class=\"w-vwrapper usg_vwrapper_1 serveis align_center\"><div class=\"w-post-elm post_custom_field usg_post_custom_field_1 type_icon us_tile_icon color_link_inherit\"><i class=\"fal fa-bullhorn\"><\/i><\/div><h3 class=\"w-post-elm post_title usg_post_title_1 entry-title color_link_inherit\">Difusi\u00f3n<\/h3><\/div>\t\t<\/div>\r\n\t\t\t<\/article>\r\n<\/div>\t<div class=\"w-grid-preloader\">\r\n\t\t<div class=\"g-preloader type_1\">\r\n\t\t\t<div><\/div>\r\n\t\t<\/div>\r\n\t<\/div>\r\n\t\t<div class=\"w-grid-json hidden\" onclick='return {&quot;action&quot;:&quot;us_ajax_grid&quot;,&quot;infinite_scroll&quot;:0,&quot;max_num_pages&quot;:1,&quot;pagination&quot;:&quot;none&quot;,&quot;template_vars&quot;:{&quot;columns&quot;:&quot;3&quot;,&quot;exclude_items&quot;:&quot;none&quot;,&quot;img_size&quot;:&quot;default&quot;,&quot;ignore_items_size&quot;:0,&quot;items_layout&quot;:&quot;110&quot;,&quot;items_offset&quot;:&quot;1&quot;,&quot;load_animation&quot;:&quot;none&quot;,&quot;overriding_link&quot;:&quot;%7B%22type%22%3A%22post%22%7D&quot;,&quot;post_id&quot;:0,&quot;query_args&quot;:{&quot;ignore_sticky_posts&quot;:1,&quot;post_type&quot;:&quot;any&quot;,&quot;post__in&quot;:[&quot;1162&quot;,&quot;165&quot;,&quot;141&quot;,&quot;152&quot;,&quot;55&quot;,&quot;1114&quot;],&quot;posts_per_page&quot;:&quot;10&quot;},&quot;orderby_query_args&quot;:{&quot;orderby&quot;:{&quot;post__in&quot;:&quot;ASC&quot;},&quot;order&quot;:&quot;ASC&quot;},&quot;type&quot;:&quot;grid&quot;,&quot;us_grid_post_type&quot;:&quot;ids&quot;,&quot;us_grid_ajax_index&quot;:1,&quot;us_grid_filter_query_string&quot;:null,&quot;us_grid_index&quot;:1,&quot;page_args&quot;:[],&quot;lang&quot;:&quot;es&quot;}}'><\/div>\r\n\t<\/div><\/div><\/div><\/div><\/div><\/div><\/section><section class=\"l-section wpb_row height_huge with_img parallax_ver\"><div class=\"l-section-img\" role=\"img\" aria-label=\"Imagen\" data-img-width=\"1536\" data-img-height=\"2048\" style=\"background-image: url(https:\/\/www.cbpae.org\/wp-content\/uploads\/som-un-comerc-ecologic.jpg);background-repeat: no-repeat;\"><\/div><div class=\"l-section-overlay\" style=\"background:var(--color-header-top-transparent-bg)\"><\/div><div class=\"l-section-h i-cf\"><div class=\"g-cols vc_row via_flex valign_top type_default stacking_default\"><div class=\"vc_col-sm-12 wpb_column vc_column_container\"><div class=\"vc_column-inner\"><div class=\"wpb_wrapper\"><h2 class=\"w-text us_custom_0988d3e3 has_text_color\"><span class=\"w-text-h\"><span class=\"w-text-value\">Campa\u00f1a Somos Un Comercio Ecol\u00f3gico<\/span><\/span><\/h2><div class=\"w-btn-wrapper align_center\"><a class=\"w-btn us-btn-style_1\" href=\"https:\/\/www.cbpae.org\/campanya-som-un-comerc-ecologic\/\"><span class=\"w-btn-label\">M\u00e1s informaci\u00f3n<\/span><\/a><\/div><\/div><\/div><\/div><\/div><\/div><\/section><section class=\"l-section wpb_row height_huge\"><div class=\"l-section-h i-cf\"><div class=\"g-cols vc_row via_flex valign_top type_default stacking_default\"><div class=\"vc_col-sm-12 wpb_column vc_column_container\"><div class=\"vc_column-inner\"><div class=\"wpb_wrapper\"><div class=\"w-grid us_grid type_grid layout_85 cols_2 pagination_ajax overflow_hidden preload_style_spinner\" id=\"us_grid_2\" style=\"--columns:2;--gap:1.5rem;\" data-filterable=\"true\"><style>@media (max-width:600px){#us_grid_2{--columns:1!important}}.layout_85 .w-grid-item-h{background:#333;border-radius:0.3rem;box-shadow:0 0.03rem 0.06rem rgba(0,0,0,0.1),0 0.1rem 0.3rem rgba(0,0,0,0.1);transition-duration:0.3s}.no-touch .layout_85 .w-grid-item-h:hover{box-shadow:0 0.12rem 0.24rem rgba(0,0,0,0.1),0 0.4rem 1.2rem rgba(0,0,0,0.15);z-index:4}.layout_85 .usg_post_image_1{transition-duration:0.3s;transform-origin:50% 50%;transform:scale(1) translate(0%,0%)}.layout_85 .w-grid-item-h:focus-within .usg_post_image_1,.layout_85 .w-grid-item-h:hover .usg_post_image_1{transform:scale(1.1) translate(0%,0%);opacity:1}.layout_85 .usg_vwrapper_1{position:absolute!important;left:0!important;bottom:0!important;right:0!important;background:linear-gradient(transparent,rgba(30,30,30,0.8))!important;padding:15% 7% 7% 7%!important}.layout_85 .usg_post_taxonomy_1{font-size:12px!important;text-transform:uppercase!important;margin-bottom:0.5rem!important}.layout_85 .usg_post_title_1{color:#fff!important;font-size:1.4rem!important;font-weight:700!important}@media (max-width:600px){.layout_85 .usg_post_title_1{font-size:1.2rem!important}}<\/style><div class=\"w-grid-list\">\t<article class=\"w-grid-item size_1x1 post-4724 post type-post status-publish format-standard has-post-thumbnail hentry category-noticias\" data-id=\"4724\">\r\n\t\t<div class=\"w-grid-item-h\">\r\n\t\t\t\t\t\t\t<a href=\"https:\/\/www.cbpae.org\/es\/2025\/03\/12\/nota-informativa-tramits-autoritat-competent\/\" class=\"w-grid-item-anchor\" aria-label=\"Nota informativa: Tr\u00e1mites Autoridad Competente\"><\/a>\r\n\t\t\t\t\t\t<div class=\"w-post-elm post_image usg_post_image_1 has_ratio\"><img loading=\"lazy\" decoding=\"async\" width=\"2040\" height=\"1530\" src=\"https:\/\/www.cbpae.org\/wp-content\/uploads\/Favo-a-Arta.jpg\" class=\"attachment-full size-full wp-post-image\" alt=\"\" \/><div style=\"padding-bottom:66.6667%\"><\/div><\/div><div class=\"w-vwrapper usg_vwrapper_1 align_none valign_top\"><h2 class=\"w-post-elm post_title usg_post_title_1 has_text_color entry-title color_link_inherit\">Nota informativa: Tr\u00e1mites Autoridad Competente<\/h2><\/div>\t\t<\/div>\r\n\t\t\t<\/article>\r\n\t<article class=\"w-grid-item size_1x1 post-4713 post type-post status-publish format-standard has-post-thumbnail hentry category-noticias\" data-id=\"4713\">\r\n\t\t<div class=\"w-grid-item-h\">\r\n\t\t\t\t\t\t\t<a href=\"https:\/\/www.cbpae.org\/es\/2025\/03\/11\/eleccions-a-la-junta-rectora-del-cbpae-2025\/\" class=\"w-grid-item-anchor\" aria-label=\"Elecciones a la Junta Rectora del CBPAE, 2025\"><\/a>\r\n\t\t\t\t\t\t<div class=\"w-post-elm post_image usg_post_image_1 has_ratio\"><img loading=\"lazy\" decoding=\"async\" width=\"2040\" height=\"1530\" src=\"https:\/\/www.cbpae.org\/wp-content\/uploads\/Ovelles-a-Menorca.jpg\" class=\"attachment-full size-full wp-post-image\" alt=\"\" \/><div style=\"padding-bottom:66.6667%\"><\/div><\/div><div class=\"w-vwrapper usg_vwrapper_1 align_none valign_top\"><h2 class=\"w-post-elm post_title usg_post_title_1 has_text_color entry-title color_link_inherit\">Elecciones a la Junta Rectora del CBPAE, 2025<\/h2><\/div>\t\t<\/div>\r\n\t\t\t<\/article>\r\n\t<article class=\"w-grid-item size_1x1 post-4428 post type-post status-publish format-standard has-post-thumbnail hentry category-noticias\" data-id=\"4428\">\r\n\t\t<div class=\"w-grid-item-h\">\r\n\t\t\t\t\t\t\t<a href=\"https:\/\/www.cbpae.org\/es\/2024\/07\/22\/el-cbpae-rep-el-viii-premi-poriol-concedit-per-lassociacio-de-la-produccio-agraria-ecologica-de-menorca\/\" class=\"w-grid-item-anchor\" aria-label=\"EL CBPAE recibe el VIII Premi Poriol concedido por la Associaci\u00f3 de la Producci\u00f3 Agr\u00e0ria Ecol\u00f2gica de Menorca\"><\/a>\r\n\t\t\t\t\t\t<div class=\"w-post-elm post_image usg_post_image_1 has_ratio\"><img loading=\"lazy\" decoding=\"async\" width=\"1600\" height=\"1201\" src=\"https:\/\/www.cbpae.org\/wp-content\/uploads\/fto-amb-autoritats.jpg\" class=\"attachment-full size-full wp-post-image\" alt=\"\" \/><div style=\"padding-bottom:66.6667%\"><\/div><\/div><div class=\"w-vwrapper usg_vwrapper_1 align_none valign_top\"><h2 class=\"w-post-elm post_title usg_post_title_1 has_text_color entry-title color_link_inherit\">EL CBPAE recibe el VIII Premi Poriol concedido por la Associaci\u00f3 de la Producci\u00f3 Agr\u00e0ria Ecol\u00f2gica de Menorca<\/h2><\/div>\t\t<\/div>\r\n\t\t\t<\/article>\r\n\t<article class=\"w-grid-item size_1x1 post-4426 post type-post status-publish format-standard has-post-thumbnail hentry category-noticias\" data-id=\"4426\">\r\n\t\t<div class=\"w-grid-item-h\">\r\n\t\t\t\t\t\t\t<a href=\"https:\/\/www.cbpae.org\/es\/2024\/05\/27\/trobada-entre-productors-ecologics-i-consumidors-a-manacor\/\" class=\"w-grid-item-anchor\" aria-label=\"Encuentro entre productores ecol\u00f3gicos y consumidores en Manacor\"><\/a>\r\n\t\t\t\t\t\t<div class=\"w-post-elm post_image usg_post_image_1 has_ratio\"><img loading=\"lazy\" decoding=\"async\" width=\"2048\" height=\"1536\" src=\"https:\/\/www.cbpae.org\/wp-content\/uploads\/bona-1.jpg\" class=\"attachment-full size-full wp-post-image\" alt=\"\" \/><div style=\"padding-bottom:66.6667%\"><\/div><\/div><div class=\"w-vwrapper usg_vwrapper_1 align_none valign_top\"><h2 class=\"w-post-elm post_title usg_post_title_1 has_text_color entry-title color_link_inherit\">Encuentro entre productores ecol\u00f3gicos y consumidores en Manacor<\/h2><\/div>\t\t<\/div>\r\n\t\t\t<\/article>\r\n<\/div>\t<div class=\"w-grid-preloader\">\r\n\t\t<div class=\"g-preloader type_1\">\r\n\t\t\t<div><\/div>\r\n\t\t<\/div>\r\n\t<\/div>\r\n\t\t\t\t<div class=\"g-loadmore \">\r\n\t\t\t\t<div class=\"g-preloader type_1\">\r\n\t\t\t\t\t<div><\/div>\r\n\t\t\t\t<\/div>\r\n\t\t\t\t<button class=\"w-btn us-btn-style_1\">\r\n\t\t\t\t\t<span class=\"w-btn-label\">M\u00e9s novetats<\/span>\r\n\t\t\t\t<\/button>\r\n\t\t\t<\/div>\r\n\t\t\t\t<div class=\"w-grid-json hidden\" onclick='return {&quot;action&quot;:&quot;us_ajax_grid&quot;,&quot;infinite_scroll&quot;:0,&quot;max_num_pages&quot;:3,&quot;pagination&quot;:&quot;ajax&quot;,&quot;template_vars&quot;:{&quot;columns&quot;:&quot;2&quot;,&quot;exclude_items&quot;:&quot;none&quot;,&quot;img_size&quot;:&quot;default&quot;,&quot;ignore_items_size&quot;:0,&quot;items_layout&quot;:&quot;85&quot;,&quot;items_offset&quot;:&quot;1&quot;,&quot;load_animation&quot;:&quot;none&quot;,&quot;overriding_link&quot;:&quot;%7B%22type%22%3A%22post%22%7D&quot;,&quot;post_id&quot;:0,&quot;query_args&quot;:{&quot;post_type&quot;:[&quot;post&quot;],&quot;post_status&quot;:[&quot;publish&quot;,&quot;acf-disabled&quot;],&quot;posts_per_page&quot;:&quot;4&quot;},&quot;orderby_query_args&quot;:{&quot;orderby&quot;:{&quot;date&quot;:&quot;DESC&quot;}},&quot;type&quot;:&quot;grid&quot;,&quot;us_grid_post_type&quot;:&quot;post&quot;,&quot;us_grid_ajax_index&quot;:2,&quot;us_grid_filter_query_string&quot;:null,&quot;us_grid_index&quot;:2,&quot;page_args&quot;:[],&quot;lang&quot;:&quot;es&quot;}}'><\/div>\r\n\t<\/div><\/div><\/div><\/div><\/div><\/div><\/section><section class=\"l-section wpb_row height_huge with_img parallax_ver\"><div class=\"l-section-img\" role=\"img\" aria-label=\"Imagen\" data-img-width=\"1920\" data-img-height=\"1282\" style=\"background-image: url(https:\/\/www.cbpae.org\/wp-content\/uploads\/productes.jpg);background-repeat: no-repeat;\"><\/div><div class=\"l-section-overlay\" style=\"background:var(--color-header-top-transparent-bg)\"><\/div><div class=\"l-section-h i-cf\"><div class=\"g-cols vc_row via_flex valign_top type_default stacking_default\"><div class=\"vc_col-sm-12 wpb_column vc_column_container\"><div class=\"vc_column-inner\"><div class=\"wpb_wrapper\"><h2 class=\"w-text us_custom_0988d3e3 has_text_color\"><span class=\"w-text-h\"><span class=\"w-text-value\">\u00a1Connecta con la producci\u00f3n agraria ecol\u00f3gica!<\/span><\/span><\/h2><div class=\"w-btn-wrapper align_center\"><a class=\"w-btn us-btn-style_1\" href=\"https:\/\/www.cbpae.org\/es\/contacto\/\"><span class=\"w-btn-label\">Contacta con nosotros<\/span><\/a><\/div><\/div><\/div><\/div><\/div><\/div><\/section>\n","protected":false},"excerpt":{"rendered":"El passat dissabte 25\/05\/2024 vam realitzar la segona trobada entre productors ecol\u00f2gics i consumidors per celebrar el 30 aniversari del CBPAE. Ho varem fer a Manacor, a la Instituci\u00f3 P\u00fablica Antoni Maria Alcover. Va ser un horabaixa profit\u00f3s que va comen\u00e7ar amb la intervenci\u00f3 del nostre director t\u00e8cnic Jeroni Vera. Ell va ser l'encarregat de...","protected":false},"author":1,"featured_media":0,"parent":0,"menu_order":0,"comment_status":"closed","ping_status":"closed","template":"","meta":{"_acf_changed":false,"footnotes":""},"class_list":["post-39","page","type-page","status-publish","hentry"],"acf":[],"_links":{"self":[{"href":"https:\/\/www.cbpae.org\/es\/wp-json\/wp\/v2\/pages\/39","targetHints":{"allow":["GET"]}}],"collection":[{"href":"https:\/\/www.cbpae.org\/es\/wp-json\/wp\/v2\/pages"}],"about":[{"href":"https:\/\/www.cbpae.org\/es\/wp-json\/wp\/v2\/types\/page"}],"author":[{"embeddable":true,"href":"https:\/\/www.cbpae.org\/es\/wp-json\/wp\/v2\/users\/1"}],"replies":[{"embeddable":true,"href":"https:\/\/www.cbpae.org\/es\/wp-json\/wp\/v2\/comments?post=39"}],"version-history":[{"count":9,"href":"https:\/\/www.cbpae.org\/es\/wp-json\/wp\/v2\/pages\/39\/revisions"}],"predecessor-version":[{"id":3656,"href":"https:\/\/www.cbpae.org\/es\/wp-json\/wp\/v2\/pages\/39\/revisions\/3656"}],"wp:attachment":[{"href":"https:\/\/www.cbpae.org\/es\/wp-json\/wp\/v2\/media?parent=39"}],"curies":[{"name":"wp","href":"https:\/\/api.w.org\/{rel}","templated":true}]}}