{"id":4078,"date":"2023-08-01T20:56:42","date_gmt":"2023-08-01T18:56:42","guid":{"rendered":"https:\/\/www.cbpae.org\/produccio-ecologica-que-es\/"},"modified":"2024-06-20T19:18:00","modified_gmt":"2024-06-20T17:18:00","slug":"que-es-la-produccion-ecologica","status":"publish","type":"page","link":"https:\/\/www.cbpae.org\/es\/que-es-la-produccion-ecologica\/","title":{"rendered":"\u00bfQu\u00e9 es la producci\u00f3n ecol\u00f3gica?"},"content":{"rendered":"<section class=\"l-section wpb_row height_medium\"><div class=\"l-section-h i-cf\"><div class=\"g-cols vc_row via_flex valign_top type_default stacking_default\"><div class=\"vc_col-sm-6 wpb_column vc_column_container\"><div class=\"vc_column-inner\"><div class=\"wpb_wrapper\"><div class=\"wpb_text_column\"><div class=\"wpb_wrapper\"><p>La agricultura ecol\u00f3gica, biol\u00f3gica u org\u00e1nica aparece de la preocupaci\u00f3n de cada vez m\u00e1s presente en nuestra sociedad por saber en que condiciones se producen los alimentos que consumimos, por conservar el medio ambiente y los recursos naturales.<\/p>\n<p>Es una evoluci\u00f3n de los m\u00e9todos agrarios tradicionales hacia t\u00e9cnicas modernas de producci\u00f3n m\u00e1s respetuosas con el medio, bas\u00e1ndose en un m\u00e9todo de producci\u00f3n agr\u00edcola y ganadero que se caracteriza por mantener la fertilidad del suelo, no aplicar productos qu\u00edmicos de s\u00edntesis, ni utilizar organismos modificados gen\u00e9ticamente.<\/p>\n<p>La agricultura ecol\u00f3gica se adapta a la capacidad de producir de la tierra, sin forzarla, manteniendo la renovaci\u00f3n de los recursos naturales y la fertilidad del suelo. En la misma l\u00ednea, ayuda a conservar la cultura popular, y permite un alto grado de autosuficiencia del agricultor y ganadero. <\/p>\n<\/div><\/div><\/div><\/div><\/div><div class=\"vc_col-sm-6 wpb_column vc_column_container\"><div class=\"vc_column-inner\"><div class=\"wpb_wrapper\"><div class=\"w-video align_none ratio_16x9 has_iframe\"><div class=\"w-video-h\"><iframe title=\"Youtube video player\" src=\"\/\/www.youtube.com\/embed\/gqSJ60_l1aY?autoplay=0&controls=1&origin=https:\/\/www.cbpae.org\/es\/&loop=0&mute=0\" allowfullscreen=\"1\" loading=\"lazy\"><\/iframe><\/div><\/div><\/div><\/div><\/div><\/div><\/div><\/section>\n","protected":false},"excerpt":{"rendered":"La agricultura ecol\u00f3gica, biol\u00f3gica u org\u00e1nica aparece de la preocupaci\u00f3n de cada vez m\u00e1s presente en nuestra sociedad por saber en que condiciones se producen los alimentos que consumimos, por conservar el medio ambiente y los recursos naturales. Es una evoluci\u00f3n de los m\u00e9todos agrarios tradicionales hacia t\u00e9cnicas modernas de producci\u00f3n m\u00e1s respetuosas con el...","protected":false},"author":1,"featured_media":0,"parent":0,"menu_order":0,"comment_status":"closed","ping_status":"closed","template":"","meta":{"_acf_changed":false,"footnotes":""},"class_list":["post-4078","page","type-page","status-publish","hentry"],"acf":[],"_links":{"self":[{"href":"https:\/\/www.cbpae.org\/es\/wp-json\/wp\/v2\/pages\/4078","targetHints":{"allow":["GET"]}}],"collection":[{"href":"https:\/\/www.cbpae.org\/es\/wp-json\/wp\/v2\/pages"}],"about":[{"href":"https:\/\/www.cbpae.org\/es\/wp-json\/wp\/v2\/types\/page"}],"author":[{"embeddable":true,"href":"https:\/\/www.cbpae.org\/es\/wp-json\/wp\/v2\/users\/1"}],"replies":[{"embeddable":true,"href":"https:\/\/www.cbpae.org\/es\/wp-json\/wp\/v2\/comments?post=4078"}],"version-history":[{"count":2,"href":"https:\/\/www.cbpae.org\/es\/wp-json\/wp\/v2\/pages\/4078\/revisions"}],"predecessor-version":[{"id":4093,"href":"https:\/\/www.cbpae.org\/es\/wp-json\/wp\/v2\/pages\/4078\/revisions\/4093"}],"wp:attachment":[{"href":"https:\/\/www.cbpae.org\/es\/wp-json\/wp\/v2\/media?parent=4078"}],"curies":[{"name":"wp","href":"https:\/\/api.w.org\/{rel}","templated":true}]}}