{"id":4081,"date":"2023-08-01T20:57:15","date_gmt":"2023-08-01T18:57:15","guid":{"rendered":"https:\/\/www.cbpae.org\/estat-actual-a-les-balears\/"},"modified":"2025-04-03T13:23:00","modified_gmt":"2025-04-03T11:23:00","slug":"estado-actual-en-balears","status":"publish","type":"page","link":"https:\/\/www.cbpae.org\/es\/estado-actual-en-balears\/","title":{"rendered":"Estado actual en Balears"},"content":{"rendered":"<section class=\"l-section wpb_row height_medium\"><div class=\"l-section-h i-cf\"><div class=\"g-cols vc_row via_flex valign_top type_default stacking_default\"><div class=\"vc_col-sm-12 wpb_column vc_column_container\"><div class=\"vc_column-inner\"><div class=\"wpb_wrapper\"><div class=\"wpb_text_column\"><div class=\"wpb_wrapper\"><p>A finales de 2024, el n\u00famero de inscritos en el Consejo Balear de la Producci\u00f3n Ecol\u00f3gica (CBPAE) era de 1.301 operadores y una superficie total de 50.541 hect\u00e1reas en el conjunto de las Islas Baleares.<\/p>\n<\/div><\/div><div class=\"w-separator size_medium\"><\/div><div class=\"w-image align_none\"><div class=\"w-image-h\"><img decoding=\"async\" width=\"961\" height=\"475\" src=\"https:\/\/www.cbpae.org\/wp-content\/uploads\/evolucio-produccio-ecologica-balears.png\" class=\"attachment-full size-full\" alt=\"\" loading=\"lazy\" \/><\/div><\/div><\/div><\/div><\/div><\/div><\/div><\/section>\n","protected":false},"excerpt":{"rendered":"A finales de 2024, el n\u00famero de inscritos en el Consejo Balear de la Producci\u00f3n Ecol\u00f3gica (CBPAE) era de 1.301 operadores y una superficie total de 50.541 hect\u00e1reas en el conjunto de las Islas Baleares.","protected":false},"author":1,"featured_media":0,"parent":0,"menu_order":0,"comment_status":"closed","ping_status":"closed","template":"","meta":{"_acf_changed":false,"footnotes":""},"class_list":["post-4081","page","type-page","status-publish","hentry"],"acf":[],"_links":{"self":[{"href":"https:\/\/www.cbpae.org\/es\/wp-json\/wp\/v2\/pages\/4081","targetHints":{"allow":["GET"]}}],"collection":[{"href":"https:\/\/www.cbpae.org\/es\/wp-json\/wp\/v2\/pages"}],"about":[{"href":"https:\/\/www.cbpae.org\/es\/wp-json\/wp\/v2\/types\/page"}],"author":[{"embeddable":true,"href":"https:\/\/www.cbpae.org\/es\/wp-json\/wp\/v2\/users\/1"}],"replies":[{"embeddable":true,"href":"https:\/\/www.cbpae.org\/es\/wp-json\/wp\/v2\/comments?post=4081"}],"version-history":[{"count":3,"href":"https:\/\/www.cbpae.org\/es\/wp-json\/wp\/v2\/pages\/4081\/revisions"}],"predecessor-version":[{"id":4890,"href":"https:\/\/www.cbpae.org\/es\/wp-json\/wp\/v2\/pages\/4081\/revisions\/4890"}],"wp:attachment":[{"href":"https:\/\/www.cbpae.org\/es\/wp-json\/wp\/v2\/media?parent=4081"}],"curies":[{"name":"wp","href":"https:\/\/api.w.org\/{rel}","templated":true}]}}