{"id":4085,"date":"2023-07-31T19:37:22","date_gmt":"2023-07-31T17:37:22","guid":{"rendered":"https:\/\/www.cbpae.org\/que-es-el-cbpae\/"},"modified":"2024-06-21T19:27:44","modified_gmt":"2024-06-21T17:27:44","slug":"que-es-el-cbpae","status":"publish","type":"page","link":"https:\/\/www.cbpae.org\/es\/que-es-el-cbpae\/","title":{"rendered":"\u00bfQu\u00e9 es el CBPAE?"},"content":{"rendered":"<section class=\"l-section wpb_row height_medium\"><div class=\"l-section-h i-cf\"><div class=\"g-cols vc_row via_flex valign_top type_default stacking_default\"><div class=\"vc_col-sm-6 wpb_column vc_column_container\"><div class=\"vc_column-inner\"><div class=\"wpb_wrapper\"><div class=\"wpb_text_column\"><div class=\"wpb_wrapper\"><p>El Consell Balear de la Producci\u00f3 Agr\u00e0ria Ecol\u00f2gica (CBPAE), es el \u00f3rgano encargado de la certificaci\u00f3n y del control de los productos agroalimentarios ecol\u00f3gicos en el \u00e1mbito de la comunidad aut\u00f3noma de las Illes Balears. Se trata de un \u00f3rgano colegiado i desconcentrado de la Conselleria d\u2019Agricultura, Pesca i Medi Natural.<\/p>\n<p>Se creo en el a\u00f1o 1994 mediante el Decreto 99\/1994. De 21 de septiembre (BOCAIB n\u00ba127, de 18 de octubre), como consecuencia de haber asumido la comunidad aut\u00f3noma las competencias en materia de defensa contra el fraude y la calidad agroalimentaria.<\/p>\n<p>Posteriormente, el 2004, con la aprobaci\u00f3n del decreto 49\/2004 de 28 de mayo, de r\u00e9gimen jur\u00eddico y econ\u00f3mico de los consejos reguladores y de otros entes de gesti\u00f3n y de control de denominaci\u00f3n de calidad (BOIB n\u00ba79 de 5 de junio), el CBPAE se constituye como corporaci\u00f3n de derecho publico de base asociativa con personalidad jur\u00eddica propia, autonom\u00eda econ\u00f3mica y plena capacidad de obrar por el cumplimiento de sus funciones.<\/p>\n<p>El CBPAE garantiza el cumplimiento del Reglamento (UE) 2018\/848 sobre la producci\u00f3n agraria ecol\u00f3gica y el etiquetado de los productos ecol\u00f3gicos.<\/p>\n<h4>Objetivos del CBPAE<\/h4>\n<p>Los objetivos principales del CBPAE son los siguientes:<\/p>\n<ul>\n<li>La certificaci\u00f3n y control de los productos agroalimentarios ecol\u00f3gicos de las Illes Balears.<\/li>\n<li>La promoci\u00f3n y difusi\u00f3n de la agricultura ecol\u00f3gica.<\/li>\n<\/ul>\n<h4>Financiaci\u00f3n<\/h4>\n<p>Las diferentes v\u00edas de financiamiento del CBPAE pueden ser las siguientes:<\/p>\n<ul>\n<li>Las cuotas recibidas de los operadores inscritos, ligadas a la actividad de certificaci\u00f3n<\/li>\n<li>Subvenciones ligadas a proyectos y programas<\/li>\n<li>Las asignaciones presupuestarias que le otorgue la Comunitat Aut\u00f2noma de les Illes Balears en las leyes de presupuestos correspondientes.<\/li>\n<li>Cualquier otro recurso obtenido de conformidad con las disposiciones legales y los preceptos estatuarios.<\/li>\n<\/ul>\n<p>Las consellerias competentes en materia de agricultura y en materia de hacienda son las encargadas de regular los principios b\u00e1sicos y el sistema de contabilidad aplicable al Consell Balear de la Producci\u00f3 Agr\u00e0ria Ecol\u00f2gica, de acuerdo con la normativa.<\/p>\n<p><em>M\u00e1s informaci\u00f3n:<\/em><\/p>\n<p>Decreto 27\/2009, de funcionamiento del CBPAE:\u00a0<a href=\"http:\/\/boib.caib.es\/pdf\/2009060\/mp8.pdf\">BOIB N\u00fam 060 &#8211; 25 \/ abril \/ 2009<\/a><\/p>\n<\/div><\/div><\/div><\/div><\/div><div class=\"vc_col-sm-6 wpb_column vc_column_container\"><div class=\"vc_column-inner\"><div class=\"wpb_wrapper\"><div class=\"w-video align_none ratio_16x9 has_iframe\"><div class=\"w-video-h\"><iframe title=\"Youtube video player\" src=\"\/\/www.youtube.com\/embed\/CCoZBrl21Rk?autoplay=0&controls=1&origin=https:\/\/www.cbpae.org\/es\/&loop=0&mute=0\" allowfullscreen=\"1\" loading=\"lazy\"><\/iframe><\/div><\/div><\/div><\/div><\/div><\/div><\/div><\/section>\n","protected":false},"excerpt":{"rendered":"El Consell Balear de la Producci\u00f3 Agr\u00e0ria Ecol\u00f2gica (CBPAE), es el \u00f3rgano encargado de la certificaci\u00f3n y del control de los productos agroalimentarios ecol\u00f3gicos en el \u00e1mbito de la comunidad aut\u00f3noma de las Illes Balears. Se trata de un \u00f3rgano colegiado i desconcentrado de la Conselleria d\u2019Agricultura, Pesca i Medi Natural. Se creo en el...","protected":false},"author":1,"featured_media":0,"parent":0,"menu_order":0,"comment_status":"closed","ping_status":"closed","template":"","meta":{"_acf_changed":false,"footnotes":""},"class_list":["post-4085","page","type-page","status-publish","hentry"],"acf":[],"_links":{"self":[{"href":"https:\/\/www.cbpae.org\/es\/wp-json\/wp\/v2\/pages\/4085","targetHints":{"allow":["GET"]}}],"collection":[{"href":"https:\/\/www.cbpae.org\/es\/wp-json\/wp\/v2\/pages"}],"about":[{"href":"https:\/\/www.cbpae.org\/es\/wp-json\/wp\/v2\/types\/page"}],"author":[{"embeddable":true,"href":"https:\/\/www.cbpae.org\/es\/wp-json\/wp\/v2\/users\/1"}],"replies":[{"embeddable":true,"href":"https:\/\/www.cbpae.org\/es\/wp-json\/wp\/v2\/comments?post=4085"}],"version-history":[{"count":3,"href":"https:\/\/www.cbpae.org\/es\/wp-json\/wp\/v2\/pages\/4085\/revisions"}],"predecessor-version":[{"id":4106,"href":"https:\/\/www.cbpae.org\/es\/wp-json\/wp\/v2\/pages\/4085\/revisions\/4106"}],"wp:attachment":[{"href":"https:\/\/www.cbpae.org\/es\/wp-json\/wp\/v2\/media?parent=4085"}],"curies":[{"name":"wp","href":"https:\/\/api.w.org\/{rel}","templated":true}]}}