{"id":4094,"date":"2023-08-01T20:59:53","date_gmt":"2023-08-01T18:59:53","guid":{"rendered":"https:\/\/www.cbpae.org\/estructura-organitzativa\/"},"modified":"2024-06-20T20:00:10","modified_gmt":"2024-06-20T18:00:10","slug":"estructura-organizativa","status":"publish","type":"page","link":"https:\/\/www.cbpae.org\/es\/estructura-organizativa\/","title":{"rendered":"Estructura organizativa"},"content":{"rendered":"<section class=\"l-section wpb_row height_medium\"><div class=\"l-section-h i-cf\"><div class=\"g-cols vc_row via_flex valign_top type_default stacking_default\"><div class=\"vc_col-sm-8 wpb_column vc_column_container\"><div class=\"vc_column-inner\"><div class=\"wpb_wrapper\"><div class=\"wpb_text_column\"><div class=\"wpb_wrapper\"><h4>Asamblea General<\/h4>\n<p>Formada por todos los operadores inscritos en el Registro de operadores del CBPAE. Se re\u00fane en sesi\u00f3n ordinaria anualmente, y con car\u00e1cter extraordinario cuando as\u00ed lo determina la Junta Rectora. En cada reuni\u00f3n se informa a los operadores de las actividades realizadas por el CBPAE durante el periodo transcurrido desde la \u00faltima asamblea convocada, as\u00ed como del presupuesto correspondiente.<\/p>\n<h4>Junta Rectora<\/h4>\n<p>La Junta Rectora en su funci\u00f3n de supervisi\u00f3n de la actividad de certificaci\u00f3n es la encargada de velar por la imparcialidad de las actuaciones del CBPAE, mediante la supervisi\u00f3n de los procesos y actividades de certificaci\u00f3n. Funciona con un pleno y en comisiones de trabajo, que se podr\u00e1n constituir por el estudio y an\u00e1lisis de temas concretos. Tiene una estructura en la que hay un equilibrio de intereses, mediante la siguiente composici\u00f3n:<\/p>\n<ul>\n<li>Miembros Electos en representaci\u00f3n de los operadores inscritos (de estos vocales hay los cargos de Presidente y Vicepresidente):\n<ul>\n<li>Dos vocales representantes de los productores de Mallorca<\/li>\n<li>Un vocal representante de los productores de Menorca<\/li>\n<li>Un vocal representante de los productores de Eivissa y Formentera<\/li>\n<li>Un vocal representante de las empresas elaboradoras<\/li>\n<li>Un vocal representante de las empresas comercializadoras<\/li>\n<\/ul>\n<\/li>\n<\/ul>\n<ul>\n<li>Miembros no electos en representaci\u00f3n:\n<ul>\n<li>Dos vocales representantes de asociaciones de consumidores<\/li>\n<li>Dos vocales representantes de organizaciones ecologistas<\/li>\n<li>Dos vocales representantes de la Universitat de les Illes Balears (expertos t\u00e9cnicos)<\/li>\n<\/ul>\n<\/li>\n<\/ul>\n<ul>\n<li>Miembros no electos sin voto:\n<ul>\n<li>Un vocal representante de la Conselleria competente en materia de Agricultura y Pesca<\/li>\n<li>Un vocal representante de la Conselleria competente en materia de Medio Ambiente<\/li>\n<li>Un vocal representante del Consell Insular de Mallorca<\/li>\n<li>Un vocal representante del Consell Insular de Menorca<\/li>\n<li>Un vocal representante del Consell Insular de Eivissa<\/li>\n<li>Un vocal representante del Consell Insular de Formentera<\/li>\n<li>Dos vocales representantes de organizaciones profesionales agrarias<\/li>\n<li>El secretario- Director T\u00e9cnico del CBPAE<\/li>\n<\/ul>\n<\/li>\n<\/ul>\n<p>Los vocales electos se renuevan cada cuatro a\u00f1os y pueden ser reelegidos. El sistema electoral y el procedimiento de elecci\u00f3n est\u00e1n establecidos en el Decreto 139\/2002 de 22 de noviembre (BOIB n\u00fam. 143, de 28 de noviembre).<\/p>\n<h4>Comit\u00e9 de Partes<\/h4>\n<p>Partiendo de la composici\u00f3n de la Junta, se crea un Comit\u00e9 de Partes, para que se encargue de los trabajos de supervisi\u00f3n de la certificaci\u00f3n. Se re\u00fane de forma ordinaria trimestralmente y extraordinaria cuando al menos la mitad de sus miembros lo consideran necesario o a petici\u00f3n de la Direcci\u00f3n T\u00e9cnica cuando la actividad de la entidad lo requiera. Se considerar\u00e1 constituido con un quorum suficiente cuando haya los 6 vocales representantes de los 3 intereses.<\/p>\n<h4>Presidente<\/h4>\n<p>El Presidente\/a del CBPAE tambi\u00e9n lo es de la Junta Rectora, siendo nombrado por el Conseller d\u2019Agricultura i Pesca, a propuesta de la misma Junta. Act\u00faa como principal representante del CBPAE y cumple las funciones que le asigna el reglamento.<\/p>\n<h4>Comit\u00e9 de Calificaci\u00f3n<\/h4>\n<p>El Comit\u00e9 de Calificaci\u00f3n est\u00e1 formado por varios t\u00e9cnicos cualificados y con experiencia sobre la materia y tiene como funci\u00f3n principal expedir los certificados y adoptar las medidas previstas en el caso de descubrir una irregularidad o incidencia.<\/p>\n<h4>Director t\u00e9cnico<\/h4>\n<p>Le corresponde la direcci\u00f3n y la coordinaci\u00f3n general t\u00e9cnica\/administrativa de los \u00f3rganos, servicios y dependencias del CBPAE. Tambi\u00e9n dirige y gestiona el personal y act\u00faa como Secretario de los \u00f3rganos de gobierno, con voz pero sin voto.<\/p>\n<h4>Departamentos del CBPAE<\/h4>\n<p>El CBPAE cuenta con varios departamentos o servicios, cada uno dispone del personal cualificado necesario para poder desarrollar sus tareas y llevar a cabo sus objetivos establecidos:<\/p>\n<ul>\n<li>Departamento de inspecci\u00f3n y control: lleva a cabo las tareas de certificaci\u00f3n. El Departamento de Control lo integran todos los inspectores t\u00e9cnicos contractados por el CBPAE.<\/li>\n<li>Departamento de Administraci\u00f3n: Se encarga de las tareas de gesti\u00f3n administrativa ordinaria (contabilidad, suministros de material, etc)<\/li>\n<li>Departamento de Calidad: Se encarga de las tareas de implantaci\u00f3n y mantenimiento del sistema de calidad certificado por ENAC.<\/li>\n<li>Departamento de Certificaci\u00f3n: Integrado por el Comit\u00e9 de Calificaci\u00f3n que lleva a cabo las tareas de certificaci\u00f3n.<\/li>\n<\/ul>\n<p><em>M\u00e1s informaci\u00f3n:<\/em><\/p>\n<p>Decreto 27\/2009, de funcionamiento del CBPAE: <a title=\"Reglament del CBPAE\" href=\"http:\/\/boib.caib.es\/pdf\/2009060\/mp8.pdf\" target=\"_blank\" rel=\"noopener\">BOIB N\u00fam 060 &#8211; 25 \/ abril \/ 2009<\/a><\/p>\n<\/div><\/div><\/div><\/div><\/div><div class=\"vc_col-sm-4 wpb_column vc_column_container\"><div class=\"vc_column-inner\"><div class=\"wpb_wrapper\"><\/div><\/div><\/div><\/div><\/div><\/section>\n","protected":false},"excerpt":{"rendered":"Asamblea General Formada por todos los operadores inscritos en el Registro de operadores del CBPAE. Se re\u00fane en sesi\u00f3n ordinaria anualmente, y con car\u00e1cter extraordinario cuando as\u00ed lo determina la Junta Rectora. En cada reuni\u00f3n se informa a los operadores de las actividades realizadas por el CBPAE durante el periodo transcurrido desde la \u00faltima asamblea...","protected":false},"author":1,"featured_media":0,"parent":0,"menu_order":0,"comment_status":"closed","ping_status":"closed","template":"","meta":{"_acf_changed":false,"footnotes":""},"class_list":["post-4094","page","type-page","status-publish","hentry"],"acf":[],"_links":{"self":[{"href":"https:\/\/www.cbpae.org\/es\/wp-json\/wp\/v2\/pages\/4094","targetHints":{"allow":["GET"]}}],"collection":[{"href":"https:\/\/www.cbpae.org\/es\/wp-json\/wp\/v2\/pages"}],"about":[{"href":"https:\/\/www.cbpae.org\/es\/wp-json\/wp\/v2\/types\/page"}],"author":[{"embeddable":true,"href":"https:\/\/www.cbpae.org\/es\/wp-json\/wp\/v2\/users\/1"}],"replies":[{"embeddable":true,"href":"https:\/\/www.cbpae.org\/es\/wp-json\/wp\/v2\/comments?post=4094"}],"version-history":[{"count":7,"href":"https:\/\/www.cbpae.org\/es\/wp-json\/wp\/v2\/pages\/4094\/revisions"}],"predecessor-version":[{"id":4104,"href":"https:\/\/www.cbpae.org\/es\/wp-json\/wp\/v2\/pages\/4094\/revisions\/4104"}],"wp:attachment":[{"href":"https:\/\/www.cbpae.org\/es\/wp-json\/wp\/v2\/media?parent=4094"}],"curies":[{"name":"wp","href":"https:\/\/api.w.org\/{rel}","templated":true}]}}