{"id":4107,"date":"2023-08-01T19:15:43","date_gmt":"2023-08-01T17:15:43","guid":{"rendered":"https:\/\/www.cbpae.org\/quota-inscripcio\/"},"modified":"2025-01-29T15:23:12","modified_gmt":"2025-01-29T13:23:12","slug":"cuota-inscripcion","status":"publish","type":"page","link":"https:\/\/www.cbpae.org\/es\/cuota-inscripcion\/","title":{"rendered":"Cuota de inscripci\u00f3n"},"content":{"rendered":"<section class=\"l-section wpb_row height_medium\"><div class=\"l-section-h i-cf\"><div class=\"g-cols vc_row via_flex valign_top type_default stacking_default\"><div class=\"vc_col-sm-12 wpb_column vc_column_container\"><div class=\"vc_column-inner\"><div class=\"wpb_wrapper\"><div class=\"w-tabs layout_hor style_default switch_click has_scrolling\" style=\"--sections-title-size:1em\"><div class=\"w-tabs-list items_3 align_none\"><div class=\"w-tabs-list-h\"><button class=\"w-tabs-item active\" aria-controls=\"content-p0ea\" aria-expanded=\"false\"><span class=\"w-tabs-item-title\">Tarifas productores<\/span><\/button><button class=\"w-tabs-item\" aria-controls=\"content-x133\" aria-expanded=\"false\"><span class=\"w-tabs-item-title\">Tarifas elaboradores<\/span><\/button><button class=\"w-tabs-item\" aria-controls=\"content-ma06\" aria-expanded=\"false\"><span class=\"w-tabs-item-title\">Otras tarifas<\/span><\/button><\/div><\/div><div class=\"w-tabs-sections titles-align_none icon_chevron cpos_right\"><div class=\"w-tabs-section active\" id=\"p0ea\"><button class=\"w-tabs-section-header active\" aria-controls=\"content-p0ea\" aria-expanded=\"true\"><div class=\"w-tabs-section-title\">Tarifas productores<\/div><div class=\"w-tabs-section-control\"><\/div><\/button><div  class=\"w-tabs-section-content\" id=\"content-p0ea\"><div class=\"w-tabs-section-content-h i-cf\"><div class=\"wpb_text_column\"><div class=\"wpb_wrapper\"><p><strong>Cuota de inscripci\u00f3n productores<\/strong><\/p>\n<ul>\n<li>Base fija: 120 \u20ac (30,00 \u20ac que corresponden a la elaboraci\u00f3n del informe y que no se devolver\u00e1n en caso de que no se pueda inscribir)<\/li>\n<li>Tasa proporcional: 3.01 \u20ac\/H\/E o unidad ganadera<\/li>\n<\/ul>\n<p><strong>Cuota de renovaci\u00f3n productores<\/strong><\/p>\n<ul>\n<li>Base fija: 40 \u20ac<\/li>\n<li>Tasa proporcional: 1,6 \u20ac\/H\/E o unidad ganadera<\/li>\n<li>35 \u20ac x nivel de riesgo<\/li>\n<li>10 \u20ac x por certificado anual<\/li>\n<\/ul>\n<p><strong>Cuota de ampliaci\u00f3n de parcelas<\/strong><\/p>\n<ul>\n<li>Tramitaci\u00f3n de solicitud: 30\u20ac\/solicitud, (incluye la gesti\u00f3n, comprobaci\u00f3n y modificaci\u00f3n de los datos en los registros internos)<\/li>\n<li>Visita de ampliaci\u00f3n: 50\u20ac\/hora de visita (en el caso que esta ampliaci\u00f3n implique un cambio substancial a la explotaci\u00f3n que suponga la realizaci\u00f3n de una visita adicional. Si la visita coincide con una visita planificada del CBPAE, se va a empezar a aplicar la cuota a partir de 30 minutos adicionales al tiempo destinado a la visita planificada).<\/li>\n<\/ul>\n<p><strong>Tasa de elementos de trazabilidad:<\/strong><\/p>\n<ul>\n<li>Contraetiquetas: 0,035 \u20ac<\/li>\n<li>Contraetiquetas preimpresas 0,015 \u20ac<\/li>\n<li>Marchamos av\u00edcolas: 0.08 \u20ac<\/li>\n<li>Marchamos ovino, caprino, porcino, vacuno y avestruz: 0.15 \u20ac<\/li>\n<li>Volantes de circulaci\u00f3n: tama\u00f1o cuartilla 6 \u20ac y tama\u00f1o folio 8 \u20ac<\/li>\n<\/ul>\n<h4><strong>N\u00famero de hect\u00e1reas equivalentes<\/strong><\/h4>\n<table>\n<tbody>\n<tr>\n<td>CULTIVOS<\/td>\n<\/tr>\n<tr>\n<td><strong>Matorral, pastos y dehesas, pasto arbolado y recolecci\u00f3n silvestre:<\/strong> 0.1<\/td>\n<\/tr>\n<tr>\n<td><strong>Herb\u00e1ceos de secano y barbecho:<\/strong> 0.5<\/td>\n<\/tr>\n<tr>\n<td><strong>Fruta de secano:<\/strong> 3<\/td>\n<\/tr>\n<tr>\n<td><strong>Hortaliza de secano: <\/strong>3<\/td>\n<\/tr>\n<tr>\n<td><strong>Herb\u00e1ceos de regad\u00edo:<\/strong> 4<\/td>\n<\/tr>\n<tr>\n<td><strong>Fruta de regad\u00edo, c\u00edtricos y vi\u00f1edo de mesa: <\/strong>7<\/td>\n<\/tr>\n<tr>\n<td><strong>Hortaliza de regad\u00edo:<\/strong>12<\/td>\n<\/tr>\n<tr>\n<td><strong>Invernadero:<\/strong> 20<\/td>\n<\/tr>\n<tr>\n<td><strong>Arom\u00e1ticas y\/o medicinales:<\/strong> 4<\/td>\n<\/tr>\n<tr>\n<td><strong>Vi\u00f1edo para vinificaci\u00f3n:<\/strong> 4<\/td>\n<\/tr>\n<tr>\n<td><strong>Olivar de secano:<\/strong> 2<\/td>\n<\/tr>\n<tr>\n<td><strong>Olivar de regad\u00edo:<\/strong> 4<\/td>\n<\/tr>\n<tr>\n<td><strong>Setas y germinados:<\/strong> 1.2 \u20ac\/m<sup>3 <\/sup>*<\/td>\n<\/tr>\n<tr>\n<td><strong>Azafr\u00e1n:<\/strong> 12<\/td>\n<\/tr>\n<tr>\n<td><strong>Plantel:<\/strong> 12<\/td>\n<\/tr>\n<tr>\n<td><strong>Producci\u00f3n de sal:<\/strong> 5\u20ac\/Ha **<\/td>\n<\/tr>\n<tr>\n<td><strong>Producci\u00f3n de algas:<\/strong> 0.18\u20ac\/m<sup>2 <\/sup>***<\/td>\n<\/tr>\n<\/tbody>\n<\/table>\n<p>* Volumen de superficie de cultivo<\/p>\n<p>**Solo se cuenta la superficie de los cristalizadores<\/p>\n<p>***Metros de instalaciones de producci\u00f3n de tierra inscritas<\/p>\n<h4><strong>Unidades Ganaderas<\/strong><\/h4>\n<table>\n<tbody>\n<tr>\n<td>GANADERIA<\/td>\n<\/tr>\n<tr>\n<td><strong>Vacuno: <\/strong>0,6<\/td>\n<\/tr>\n<tr>\n<td><strong>Vacuno reproductor: <\/strong>1<\/td>\n<\/tr>\n<tr>\n<td><strong>Porcino reproductor: <\/strong>0,5<\/td>\n<\/tr>\n<tr>\n<td><strong>Ovino: <\/strong>0,2<\/td>\n<\/tr>\n<tr>\n<td><strong>Porcino: <\/strong>0,2<\/td>\n<\/tr>\n<tr>\n<td><strong>Caprino: <\/strong>0,2<\/td>\n<\/tr>\n<tr>\n<td><strong>Av\u00edcola: <\/strong>50 unidades= 1<\/td>\n<\/tr>\n<tr>\n<td><strong>Apicultura: <\/strong>0.3\u20ac\/unidad (colmena)<\/td>\n<\/tr>\n<tr>\n<td><strong>Helicicultura: <\/strong>0.01\u20ac\/m<sup>2 <\/sup>patio<\/td>\n<\/tr>\n<tr>\n<td><strong>Cunicultura: <\/strong>0.1\u20ac\/ cabeza<\/td>\n<\/tr>\n<tr>\n<td><strong>Equino<\/strong>: 0.6\u20ac\/ cabeza<\/td>\n<\/tr>\n<tr>\n<td><strong>Animales de acuicultura: <\/strong>5\u20ac\/Tn<strong> ****<\/strong><\/td>\n<\/tr>\n<\/tbody>\n<\/table>\n<p>****Toneladas producidas<\/p>\n<\/div><\/div><\/div><\/div><\/div><div class=\"w-tabs-section\" id=\"x133\"><button class=\"w-tabs-section-header\" aria-controls=\"content-x133\" aria-expanded=\"false\"><div class=\"w-tabs-section-title\">Tarifas elaboradores<\/div><div class=\"w-tabs-section-control\"><\/div><\/button><div  class=\"w-tabs-section-content\" id=\"content-x133\"><div class=\"w-tabs-section-content-h i-cf\"><div class=\"wpb_text_column\"><div class=\"wpb_wrapper\"><h4><strong>TARIFAS ELABORADORES <\/strong><\/h4>\n<p><strong>Tipos:<\/strong><\/p>\n<p><strong>E\/CC: (Comercio Colaborador) <\/strong>Comercios, tiendas, carnicer\u00edas, mercados<\/p>\n<p><strong>E\/CP: (Comercio del Productor) <\/strong>Comercio, tienda, carnicer\u00eda o mercado del propio productor inscrito cuando la venta de los productos propios supere el 50% del total. Venta directa.<\/p>\n<p><strong>E\/PE: (Productor Elaborador)<\/strong> Elaboraci\u00f3n y\/o envasado por parte del productor inscrito con ingredientes del mismo productor m\u00e1s cooperativas de frutos secos<\/p>\n<p><strong>E\/EC: (Elaborador Colaborador)<\/strong> Empresa dedicada exclusivamente a la elaboraci\u00f3n, no a la comercializaci\u00f3n del producto (Mataderos, &#8230;)<\/p>\n<p><strong>E\/EM: (Elaborador Mixto)<\/strong> Empresa elaboradora de productos eco y convencionales<\/p>\n<p><strong>E\/EE: (Elaborador Exclusivo)<\/strong> Empresa elaboradora exclusiva de productos eco<\/p>\n<p><strong>I\/IE: (Importador Exclusivo) <\/strong>Empresa importadora exclusiva de productos eco<\/p>\n<p><strong>I\/IM: (Importador Mixto) <\/strong>Empresa importadora de productos eco y convencionales<\/p>\n<p><strong>D\/D: (Distribuidor)<\/strong> Empresa de distribuci\u00f3n de productos eco<\/p>\n<h4><strong>CUOTAS DE ELABORADORES<\/strong><\/h4>\n<table>\n<tbody>\n<tr>\n<td><strong>Tipo de elaborador<\/strong><\/td>\n<td>\n<p><strong>Cuota <\/strong><\/p>\n<p><strong>de inscripci\u00f3n <\/strong><\/td>\n<td>\n<p><strong>Cuota <\/strong><\/p>\n<p><strong>de renovaci\u00f3n<\/strong><\/td>\n<\/tr>\n<tr>\n<td><strong>E\/CC: (Comercio Colaborador)<\/strong><\/td>\n<td>45\u20ac inicial + 35\u20ac<\/td>\n<td>30\u20ac + 50\u20ac *nivel de riesgo<\/td>\n<\/tr>\n<tr>\n<td><strong>E\/CP: (Comercio del Productor)<\/strong><\/td>\n<td>0\u20ac<\/td>\n<td>0\u20ac<\/td>\n<\/tr>\n<tr>\n<td><strong>E\/PE: (Productor Elaborador)<\/strong><\/td>\n<td>0\u20ac<\/td>\n<td>120\u20ac base fija<sup>1 <\/sup>+15\u20ac por cada elaboraci\u00f3n distinta +50\u20ac *nivel de riesgo<\/td>\n<\/tr>\n<tr>\n<td><strong>E\/EC: (Elaborador Colaborador)<\/strong><\/td>\n<td>0\u20ac<\/td>\n<td>0\u20ac<\/td>\n<\/tr>\n<tr>\n<td><strong>E\/EM: (Elaborador Mixto)<\/strong><\/td>\n<td>30\u20ac inicial + 150\u20ac + 50\u20ac\/h de visita<\/td>\n<td>180\u20ac base fija + 50\u20ac* nivel de riesgo + 0,9% de los ingresos de Agricultura Ecol\u00f3gica + 10\u20ac\/certificado anual<\/td>\n<\/tr>\n<tr>\n<td><strong>E\/EE: (Elaborador Exclusivo)<\/strong><\/td>\n<td>30\u20ac inicial + 120\u20ac<\/td>\n<td>150\u20ac base fija + 50\u20ac* nivel de riesgo + 0,3 % de los ingresos + 10 \u20ac\/certificado<\/td>\n<\/tr>\n<tr>\n<td><strong>I\/IE: (Importador Exclusivo)<\/strong><\/td>\n<td>30\u20ac inicial + 120\u20ac<\/td>\n<td>150\u20ac base fija + 50\u20ac* nivel de riesgo + 0,3 % de los ingresos + 10 \u20ac\/certificado<\/td>\n<\/tr>\n<tr>\n<td><strong>I\/IM: (Importador Mixto)<\/strong><\/td>\n<td>30\u20ac inicial + 150\u20ac + 50\u20ac\/h de visita<\/td>\n<td>180\u20ac base fija + 50\u20ac* nivel de riesgo + 0,9% de los ingresos de Agricultura Ecol\u00f3gica + 10\u20ac\/certificado anual<\/td>\n<\/tr>\n<tr>\n<td><strong>D\/D: (Distribuidor)<\/strong><\/td>\n<td>45\u20ac inicial + 35\u20ac<\/td>\n<td>30\u20ac + 50\u20ac *nivel de riesgo<\/td>\n<\/tr>\n<\/tbody>\n<\/table>\n<p><sup>1 <\/sup>Un Elaborador PE con m\u00e1s de un expediente, s\u00f3lo paga la base fija una vez.<\/p>\n<p><sup>2<\/sup> Esta cantidad (45 o 35 Euros inicial) se abona en concepto de los costes ocasionados por el inicio de la tramitaci\u00f3n de la solicitud de inscripci\u00f3n, independientemente de la decisi\u00f3n final del Comit\u00e9 de Calificaci\u00f3n.<\/p>\n<p><strong>Cuota de ampliaci\u00f3n de productos<\/strong><\/p>\n<ul>\n<li>Tramitaci\u00f3n de solicitud: 30\u20ac\/solicitud, (incluye la gesti\u00f3n, comprobaci\u00f3n y modificaci\u00f3n de los datos en los registros internos)<\/li>\n<\/ul>\n<ul>\n<li>Visita de ampliaci\u00f3n: 50\u20ac\/hora de visita (en el caso que esta ampliaci\u00f3n implique un cambio substancial a la explotaci\u00f3n que suponga la realizaci\u00f3n de una visita adicional. Si la visita coincide con una visita planificada del CBPAE, se va a empezar a aplicar la cuota a partir de 30 minutos adicionales al tiempo destinado a la visita planificada).<\/li>\n<\/ul>\n<p><strong>Tasa de elementos de trazabilidad:<\/strong><\/p>\n<ul>\n<li>Contraetiquetas: 0,035 \u20ac<\/li>\n<li>Contraetiquetas preimpresas 0,015 \u20ac<\/li>\n<li>Marchamos av\u00edcolas: 0.08 \u20ac<\/li>\n<li>Marchamos ovino, caprino, porcino, vacuno y avestruz: 0.15 \u20ac<\/li>\n<li>Volantes de circulaci\u00f3n: tama\u00f1o cuartilla 6 \u20ac y tama\u00f1o folio 8 \u20ac<\/li>\n<\/ul>\n<\/div><\/div><\/div><\/div><\/div><div class=\"w-tabs-section\" id=\"ma06\"><button class=\"w-tabs-section-header\" aria-controls=\"content-ma06\" aria-expanded=\"false\"><div class=\"w-tabs-section-title\">Otras tarifas<\/div><div class=\"w-tabs-section-control\"><\/div><\/button><div  class=\"w-tabs-section-content\" id=\"content-ma06\"><div class=\"w-tabs-section-content-h i-cf\"><div class=\"wpb_text_column\"><div class=\"wpb_wrapper\"><p><strong>Otras cuotas:<\/strong><\/p>\n<ul>\n<li><strong>Solicitud de cambio de titular<\/strong>: 30 \u20ac (incluye las tareas de gesti\u00f3n i modificaci\u00f3n de los datos en los registros internos para la realizaci\u00f3n del nuevo certificado ecol\u00f3gico digital)<\/li>\n<\/ul>\n<ul>\n<li><strong>Gesti\u00f3n de la solicitud de reconocimiento del periodo de conversi\u00f3n:<\/strong> 100 \u20ac (incluye la revisi\u00f3n t\u00e9cnica de la documentaci\u00f3n aportada y la resoluci\u00f3n del Comit\u00e9 de Calificaci\u00f3n del CBPAE y la posterior realizaci\u00f3n del informe t\u00e9cnico)<\/li>\n<\/ul>\n<ul>\n<li><strong>Visita adicional no planificada:<\/strong> 150 \u20ac por visitas adicionales marcadas por el Comit\u00e9 de Calificaci\u00f3n del CBPAE con la finalidad de verificar la implantaci\u00f3n de:<\/li>\n<\/ul>\n<ul>\n<li>medidas correctoras aplicadas debido a los incumplimientos detectados durante la \u00faltima visita<\/li>\n<li>medidas propuestas, en el caso del inicio de actividad por parte de nuevos operadores<\/li>\n<\/ul>\n<ul>\n<li><strong>Anal\u00edtica adicional no planificada:<\/strong> se cobrar\u00e1 la cuota aplicada por el laboratorio acreditado elegido por el CBPAE<\/li>\n<\/ul>\n<ul>\n<li><strong>Solicitud de valoraci\u00f3n previa de asentamiento de apiario:<\/strong> 35 \u20ac\/apiario<\/li>\n<\/ul>\n<ul>\n<li><strong>Emisi\u00f3n de certificados bajo pedido:<\/strong> 40 \u20ac\/certificado (a partir del segundo certificado, excepto cuando haya un cambio en la calificaci\u00f3n de los productos (pasen de ser convencionales o en conversi\u00f3n a ser ecol\u00f2gicos) y\/o cuando haya una ampliaci\u00f3n de productos certificados con la condici\u00f3n de que contenga la misma informaci\u00f3n que el certificado original a\u00f1adiendo los productos ampliados).<\/li>\n<\/ul>\n<ul>\n<li><strong>Emisi\u00f3n de certificados de exportaci\u00f3n (fuera de la UE):<\/strong> 40 \u20ac\/certificado (si se tiene que repetir un mismo certificado por una modificaci\u00f3n de este a causa de un error previo del operador, se le aplicar\u00e1 una cuota de 10\u20ac por cada una de las repeticiones).<\/li>\n<\/ul>\n<\/div><\/div><\/div><\/div><\/div><\/div><\/div><\/div><\/div><\/div><\/div><\/div><\/section>\n","protected":false},"excerpt":{"rendered":"Tarifas productoresTarifas elaboradoresOtras tarifasTarifas productoresCuota de inscripci\u00f3n productores Base fija: 120 \u20ac (30,00 \u20ac que corresponden a la elaboraci\u00f3n del informe y que no se devolver\u00e1n en caso de que no se pueda inscribir) Tasa proporcional: 3.01 \u20ac\/H\/E o unidad ganadera Cuota de renovaci\u00f3n productores Base fija: 40 \u20ac Tasa proporcional: 1,6 \u20ac\/H\/E o unidad...","protected":false},"author":1,"featured_media":0,"parent":0,"menu_order":0,"comment_status":"closed","ping_status":"closed","template":"","meta":{"_acf_changed":false,"footnotes":""},"class_list":["post-4107","page","type-page","status-publish","hentry"],"acf":[],"_links":{"self":[{"href":"https:\/\/www.cbpae.org\/es\/wp-json\/wp\/v2\/pages\/4107","targetHints":{"allow":["GET"]}}],"collection":[{"href":"https:\/\/www.cbpae.org\/es\/wp-json\/wp\/v2\/pages"}],"about":[{"href":"https:\/\/www.cbpae.org\/es\/wp-json\/wp\/v2\/types\/page"}],"author":[{"embeddable":true,"href":"https:\/\/www.cbpae.org\/es\/wp-json\/wp\/v2\/users\/1"}],"replies":[{"embeddable":true,"href":"https:\/\/www.cbpae.org\/es\/wp-json\/wp\/v2\/comments?post=4107"}],"version-history":[{"count":10,"href":"https:\/\/www.cbpae.org\/es\/wp-json\/wp\/v2\/pages\/4107\/revisions"}],"predecessor-version":[{"id":4671,"href":"https:\/\/www.cbpae.org\/es\/wp-json\/wp\/v2\/pages\/4107\/revisions\/4671"}],"wp:attachment":[{"href":"https:\/\/www.cbpae.org\/es\/wp-json\/wp\/v2\/media?parent=4107"}],"curies":[{"name":"wp","href":"https:\/\/api.w.org\/{rel}","templated":true}]}}