{"id":4121,"date":"2023-08-01T21:01:29","date_gmt":"2023-08-01T19:01:29","guid":{"rendered":"https:\/\/www.cbpae.org\/sistema-de-certificacio\/"},"modified":"2024-06-24T17:22:21","modified_gmt":"2024-06-24T15:22:21","slug":"sistema-de-certificacion","status":"publish","type":"page","link":"https:\/\/www.cbpae.org\/es\/sistema-de-certificacion\/","title":{"rendered":"Sistema de certificaci\u00f3n"},"content":{"rendered":"<section class=\"l-section wpb_row height_medium\"><div class=\"l-section-h i-cf\"><div class=\"g-cols vc_row via_flex valign_top type_default stacking_default\"><div class=\"vc_col-sm-8 wpb_column vc_column_container\"><div class=\"vc_column-inner\"><div class=\"wpb_wrapper\"><div class=\"wpb_text_column\"><div class=\"wpb_wrapper\"><p>A partir del momento en que se ha resuelto la inscripci\u00f3n como apta, el operador estar\u00e1 sometido al sistema de control seg\u00fan el cual se indica en la normativa vigente en materia de agricultura ecol\u00f3gica. El sistema consistir\u00e1 en visitas de control anuales, tanto con aviso previo como sin aviso. Y tambi\u00e9n se realizar\u00e1n recogida de muestras que ser\u00e1n posteriormente analizadas en un laboratorio acreditado para detectar posibles usos de productos no permitidos en agricultura ecol\u00f3gica.<\/p>\n<p>Los incumplimientos que se detecten a partir de las visitas de control y la recogida de muestras dar\u00e1n lugar a un proceso sancionador que puede ir desde la descalificaci\u00f3n del producto, de las parcelas, del lote, o de la campa\u00f1a, hasta la suspensi\u00f3n temporal del certificado o la baja definitiva de los registros del CBPAE.<\/p>\n<\/div><\/div><\/div><\/div><\/div><div class=\"vc_col-sm-4 wpb_column vc_column_container\"><div class=\"vc_column-inner\"><div class=\"wpb_wrapper\"><\/div><\/div><\/div><\/div><\/div><\/section>\n","protected":false},"excerpt":{"rendered":"A partir del momento en que se ha resuelto la inscripci\u00f3n como apta, el operador estar\u00e1 sometido al sistema de control seg\u00fan el cual se indica en la normativa vigente en materia de agricultura ecol\u00f3gica. El sistema consistir\u00e1 en visitas de control anuales, tanto con aviso previo como sin aviso. Y tambi\u00e9n se realizar\u00e1n recogida...","protected":false},"author":1,"featured_media":0,"parent":0,"menu_order":0,"comment_status":"closed","ping_status":"closed","template":"","meta":{"_acf_changed":false,"footnotes":""},"class_list":["post-4121","page","type-page","status-publish","hentry"],"acf":[],"_links":{"self":[{"href":"https:\/\/www.cbpae.org\/es\/wp-json\/wp\/v2\/pages\/4121","targetHints":{"allow":["GET"]}}],"collection":[{"href":"https:\/\/www.cbpae.org\/es\/wp-json\/wp\/v2\/pages"}],"about":[{"href":"https:\/\/www.cbpae.org\/es\/wp-json\/wp\/v2\/types\/page"}],"author":[{"embeddable":true,"href":"https:\/\/www.cbpae.org\/es\/wp-json\/wp\/v2\/users\/1"}],"replies":[{"embeddable":true,"href":"https:\/\/www.cbpae.org\/es\/wp-json\/wp\/v2\/comments?post=4121"}],"version-history":[{"count":3,"href":"https:\/\/www.cbpae.org\/es\/wp-json\/wp\/v2\/pages\/4121\/revisions"}],"predecessor-version":[{"id":4127,"href":"https:\/\/www.cbpae.org\/es\/wp-json\/wp\/v2\/pages\/4121\/revisions\/4127"}],"wp:attachment":[{"href":"https:\/\/www.cbpae.org\/es\/wp-json\/wp\/v2\/media?parent=4121"}],"curies":[{"name":"wp","href":"https:\/\/api.w.org\/{rel}","templated":true}]}}