{"id":4145,"date":"2023-07-21T14:48:44","date_gmt":"2023-07-21T12:48:44","guid":{"rendered":"https:\/\/www.cbpae.org\/operadors\/"},"modified":"2024-07-01T12:54:20","modified_gmt":"2024-07-01T10:54:20","slug":"operadors","status":"publish","type":"page","link":"https:\/\/www.cbpae.org\/es\/operadors\/","title":{"rendered":"Operadores"},"content":{"rendered":"<section class=\"l-section wpb_row height_medium\"><div class=\"l-section-h i-cf\"><div class=\"g-cols vc_row via_flex valign_top type_default stacking_default\"><div class=\"vc_col-sm-12 wpb_column vc_column_container\"><div class=\"vc_column-inner\"><div class=\"wpb_wrapper\"><div class=\"w-grid us_grid us_custom_60e9caca us_animate_this type_grid layout_110 cols_3 preload_style_spinner\" id=\"us_grid_1\" style=\"--columns:3;--gap:1.5rem;\"><style>@media (max-width:1024px){#us_grid_1{--columns:2!important}}@media (max-width:600px){#us_grid_1{--columns:2!important}}.layout_110 .w-grid-item-h{border-radius:0.3rem;box-shadow:0 0.02rem 0.04rem rgba(0,0,0,0.1),0 0.07rem 0.2rem rgba(0,0,0,0.1);transition-duration:0.3s}.no-touch .layout_110 .w-grid-item-h:hover{box-shadow:0 0.12rem 0.24rem rgba(0,0,0,0.1),0 0.4rem 1.2rem rgba(0,0,0,0.15);z-index:4}.layout_110 .usg_post_custom_field_1{}.layout_110 .w-grid-item-h:focus-within .usg_post_custom_field_1,.layout_110 .w-grid-item-h:hover .usg_post_custom_field_1{color:#61bf1a!important}.layout_110 .usg_post_title_1{}.layout_110 .w-grid-item-h:focus-within .usg_post_title_1,.layout_110 .w-grid-item-h:hover .usg_post_title_1{color:var(--color-header-middle-text-hover)!important}.layout_110 .usg_vwrapper_1{}.layout_110 .w-grid-item-h:focus-within .usg_vwrapper_1,.layout_110 .w-grid-item-h:hover .usg_vwrapper_1{color:var(--color-header-middle-text-hover)!important}.layout_110 .usg_post_custom_field_1{font-size:4rem!important}.layout_110 .usg_post_title_1{font-size:1.3rem!important}.layout_110 .usg_vwrapper_1{padding:10%!important}<\/style><div class=\"w-grid-list\">\t<article class=\"w-grid-item size_1x1 post-1755 page type-page status-publish hentry\" data-id=\"1755\">\r\n\t\t<div class=\"w-grid-item-h\">\r\n\t\t\t\t\t\t\t<a href=\"https:\/\/www.cbpae.org\/es\/tramites\/\" class=\"w-grid-item-anchor\" aria-label=\"Tr\u00e1mites\"><\/a>\r\n\t\t\t\t\t\t<div class=\"w-vwrapper usg_vwrapper_1 serveis align_center\"><div class=\"w-post-elm post_custom_field usg_post_custom_field_1 type_icon us_tile_icon color_link_inherit\"><i class=\"fal fa-edit\"><\/i><\/div><h3 class=\"w-post-elm post_title usg_post_title_1 entry-title color_link_inherit\">Tr\u00e1mites<\/h3><\/div>\t\t<\/div>\r\n\t\t\t<\/article>\r\n\t<article class=\"w-grid-item size_1x1 post-4149 page type-page status-publish hentry\" data-id=\"4149\">\r\n\t\t<div class=\"w-grid-item-h\">\r\n\t\t\t\t\t\t\t<a href=\"https:\/\/www.cbpae.org\/es\/formacion\/\" class=\"w-grid-item-anchor\" aria-label=\"Formaci\u00f3n\"><\/a>\r\n\t\t\t\t\t\t<div class=\"w-vwrapper usg_vwrapper_1 serveis align_center\"><div class=\"w-post-elm post_custom_field usg_post_custom_field_1 type_icon us_tile_icon color_link_inherit\"><i class=\"fal fa-graduation-cap\"><\/i><\/div><h3 class=\"w-post-elm post_title usg_post_title_1 entry-title color_link_inherit\">Formaci\u00f3n<\/h3><\/div>\t\t<\/div>\r\n\t\t\t<\/article>\r\n\t<article class=\"w-grid-item size_1x1 post-1758 page type-page status-publish hentry\" data-id=\"1758\">\r\n\t\t<div class=\"w-grid-item-h\">\r\n\t\t\t\t\t\t\t<a href=\"https:\/\/www.cbpae.org\/es\/directorio-de-operadores\/\" class=\"w-grid-item-anchor\" aria-label=\"Directorio de operadores\"><\/a>\r\n\t\t\t\t\t\t<div class=\"w-vwrapper usg_vwrapper_1 serveis align_center\"><div class=\"w-post-elm post_custom_field usg_post_custom_field_1 type_icon us_tile_icon color_link_inherit\"><i class=\"fal fa-users\"><\/i><\/div><h3 class=\"w-post-elm post_title usg_post_title_1 entry-title color_link_inherit\">Directorio de operadores<\/h3><\/div>\t\t<\/div>\r\n\t\t\t<\/article>\r\n<\/div>\t<div class=\"w-grid-preloader\">\r\n\t\t<div class=\"g-preloader type_1\">\r\n\t\t\t<div><\/div>\r\n\t\t<\/div>\r\n\t<\/div>\r\n\t\t<div class=\"w-grid-json hidden\" onclick='return {&quot;action&quot;:&quot;us_ajax_grid&quot;,&quot;infinite_scroll&quot;:0,&quot;max_num_pages&quot;:1,&quot;pagination&quot;:&quot;none&quot;,&quot;template_vars&quot;:{&quot;columns&quot;:&quot;3&quot;,&quot;exclude_items&quot;:&quot;none&quot;,&quot;img_size&quot;:&quot;default&quot;,&quot;ignore_items_size&quot;:0,&quot;items_layout&quot;:&quot;110&quot;,&quot;items_offset&quot;:&quot;1&quot;,&quot;load_animation&quot;:&quot;none&quot;,&quot;overriding_link&quot;:&quot;%7B%22type%22%3A%22post%22%7D&quot;,&quot;post_id&quot;:0,&quot;query_args&quot;:{&quot;ignore_sticky_posts&quot;:1,&quot;post_type&quot;:&quot;any&quot;,&quot;post__in&quot;:[&quot;1669&quot;,&quot;1939&quot;,&quot;1660&quot;],&quot;posts_per_page&quot;:&quot;10&quot;},&quot;orderby_query_args&quot;:{&quot;orderby&quot;:{&quot;post__in&quot;:&quot;ASC&quot;},&quot;order&quot;:&quot;ASC&quot;},&quot;type&quot;:&quot;grid&quot;,&quot;us_grid_post_type&quot;:&quot;ids&quot;,&quot;us_grid_ajax_index&quot;:1,&quot;us_grid_filter_query_string&quot;:null,&quot;us_grid_index&quot;:1,&quot;page_args&quot;:[],&quot;lang&quot;:&quot;es&quot;}}'><\/div>\r\n\t<\/div><\/div><\/div><\/div><\/div><\/div><\/section>\n","protected":false},"excerpt":{"rendered":"Listados de operadores inscritos en el CBPAE Archivos en formato excel con datos b\u00e1sicos de los operadores inscritos en el CBPAE, por tipo de producci\u00f3n: Producci\u00f3n vegetalHoja de c\u00e1lculo\u00daltima actualizaci\u00f3n: 25 de abril de 2023 Producci\u00f3 ramaderaHoja de c\u00e1lculo\u00daltima actualizaci\u00f3n: 25 de abril de 2023 Registro General de Operadores Ecol\u00f3gicos (REGOE) El\u00a0Registro General de Operadores...","protected":false},"author":1,"featured_media":214,"parent":0,"menu_order":0,"comment_status":"closed","ping_status":"closed","template":"","meta":{"_acf_changed":false,"footnotes":""},"class_list":["post-4145","page","type-page","status-publish","has-post-thumbnail","hentry"],"acf":[],"_links":{"self":[{"href":"https:\/\/www.cbpae.org\/es\/wp-json\/wp\/v2\/pages\/4145","targetHints":{"allow":["GET"]}}],"collection":[{"href":"https:\/\/www.cbpae.org\/es\/wp-json\/wp\/v2\/pages"}],"about":[{"href":"https:\/\/www.cbpae.org\/es\/wp-json\/wp\/v2\/types\/page"}],"author":[{"embeddable":true,"href":"https:\/\/www.cbpae.org\/es\/wp-json\/wp\/v2\/users\/1"}],"replies":[{"embeddable":true,"href":"https:\/\/www.cbpae.org\/es\/wp-json\/wp\/v2\/comments?post=4145"}],"version-history":[{"count":1,"href":"https:\/\/www.cbpae.org\/es\/wp-json\/wp\/v2\/pages\/4145\/revisions"}],"predecessor-version":[{"id":4146,"href":"https:\/\/www.cbpae.org\/es\/wp-json\/wp\/v2\/pages\/4145\/revisions\/4146"}],"wp:featuredmedia":[{"embeddable":true,"href":"https:\/\/www.cbpae.org\/es\/wp-json\/wp\/v2\/media\/214"}],"wp:attachment":[{"href":"https:\/\/www.cbpae.org\/es\/wp-json\/wp\/v2\/media?parent=4145"}],"curies":[{"name":"wp","href":"https:\/\/api.w.org\/{rel}","templated":true}]}}