{"id":4149,"date":"2023-08-11T13:42:59","date_gmt":"2023-08-11T11:42:59","guid":{"rendered":"https:\/\/www.cbpae.org\/formacio\/"},"modified":"2024-07-01T12:56:19","modified_gmt":"2024-07-01T10:56:19","slug":"formacion","status":"publish","type":"page","link":"https:\/\/www.cbpae.org\/es\/formacion\/","title":{"rendered":"Formaci\u00f3n"},"content":{"rendered":"<section class=\"l-section wpb_row height_medium\"><div class=\"l-section-h i-cf\"><div class=\"g-cols vc_row via_flex valign_top type_default stacking_default\"><div class=\"vc_col-sm-8 wpb_column vc_column_container\"><div class=\"vc_column-inner\"><div class=\"wpb_wrapper\"><div class=\"wpb_text_column\"><div class=\"wpb_wrapper\"><p>En esta secci\u00f3n encontrar\u00e1 informaci\u00f3n respecto a las principales asociaciones que organizan cursos relacionados con la agricultura ecol\u00f3gica tanto en las Islas Baleares como en la Pen\u00ednsula. Tanto si son cursos presenciales o en red.<\/p>\n<p><a href=\"https:\/\/apaema.net\/\">APAEMA<\/a><\/p>\n<p><a href=\"https:\/\/linktr.ee\/apaemenorca\">APAEM<\/a><\/p>\n<p><a href=\"http:\/\/www.apaeef.org\/\">APAEEF<\/a><\/p>\n<p><a href=\"http:\/\/www.varietatslocals.org\/\">VARIETATS LOCALS<\/a><\/p>\n<p><a href=\"https:\/\/interecoweb.com\/formacion\/\">INTERECO<\/a><\/p>\n<p><a href=\"https:\/\/agroecologia.net\/que-hacemos\/#formacion\">SEAE<\/a><\/p>\n<\/div><\/div><\/div><\/div><\/div><div class=\"vc_col-sm-4 wpb_column vc_column_container\"><div class=\"vc_column-inner\"><div class=\"wpb_wrapper\"><\/div><\/div><\/div><\/div><\/div><\/section>\n","protected":false},"excerpt":{"rendered":"En esta secci\u00f3n encontrar\u00e1 informaci\u00f3n respecto a las principales asociaciones que organizan cursos relacionados con la agricultura ecol\u00f3gica tanto en las Islas Baleares como en la Pen\u00ednsula. Tanto si son cursos presenciales o en red. APAEMA APAEM APAEEF VARIETATS LOCALS INTERECO SEAE","protected":false},"author":1,"featured_media":0,"parent":0,"menu_order":0,"comment_status":"closed","ping_status":"closed","template":"","meta":{"_acf_changed":false,"footnotes":""},"class_list":["post-4149","page","type-page","status-publish","hentry"],"acf":[],"_links":{"self":[{"href":"https:\/\/www.cbpae.org\/es\/wp-json\/wp\/v2\/pages\/4149","targetHints":{"allow":["GET"]}}],"collection":[{"href":"https:\/\/www.cbpae.org\/es\/wp-json\/wp\/v2\/pages"}],"about":[{"href":"https:\/\/www.cbpae.org\/es\/wp-json\/wp\/v2\/types\/page"}],"author":[{"embeddable":true,"href":"https:\/\/www.cbpae.org\/es\/wp-json\/wp\/v2\/users\/1"}],"replies":[{"embeddable":true,"href":"https:\/\/www.cbpae.org\/es\/wp-json\/wp\/v2\/comments?post=4149"}],"version-history":[{"count":1,"href":"https:\/\/www.cbpae.org\/es\/wp-json\/wp\/v2\/pages\/4149\/revisions"}],"predecessor-version":[{"id":4150,"href":"https:\/\/www.cbpae.org\/es\/wp-json\/wp\/v2\/pages\/4149\/revisions\/4150"}],"wp:attachment":[{"href":"https:\/\/www.cbpae.org\/es\/wp-json\/wp\/v2\/media?parent=4149"}],"curies":[{"name":"wp","href":"https:\/\/api.w.org\/{rel}","templated":true}]}}